{"id":8331,"date":"2023-11-04T14:04:32","date_gmt":"2023-11-04T19:04:32","guid":{"rendered":"https:\/\/selectosibericos.com\/?post_type=product&#038;p=8331"},"modified":"2025-04-12T16:06:38","modified_gmt":"2025-04-12T21:06:38","slug":"vino-rey-eneo-reserva","status":"publish","type":"product","link":"https:\/\/selectosibericos.com\/en\/product\/vino-rey-eneo-reserva\/","title":{"rendered":"Vino Rey Eneo Reserva"},"content":{"rendered":"","protected":false},"excerpt":{"rendered":"<p><em>La excelencia de un Rioja cl\u00e1sico<\/em><\/p>\n<p>Este reserva elaborado con uva Tempranillo seleccionada representa lo mejor de la tradici\u00f3n riojana. Con 2 a\u00f1os de crianza en barrica y un cuidadoso reposo en botella, desarrolla un perfil arom\u00e1tico complejo donde destacan notas de frutas negras maduras, vainilla y un delicado toque especiado.<\/p>\n<p>En boca se muestra elegante y bien estructurado, con taninos redondos y un final largo que invita a seguir disfrutando.<\/p>","protected":false},"featured_media":19940,"template":"","meta":[],"product_brand":[],"product_cat":[566,533],"product_tag":[282,283,298],"class_list":{"0":"post-8331","1":"product","2":"type-product","3":"status-publish","4":"has-post-thumbnail","6":"product_cat-vinos","7":"product_cat-vinos-tintos","8":"product_tag-vino","9":"product_tag-vino-tinto","10":"product_tag-vino-vino-tinto","11":"tm-no-options-pxq","13":"first","14":"instock","15":"shipping-taxable","16":"purchasable","17":"product-type-simple"},"_links":{"self":[{"href":"https:\/\/selectosibericos.com\/en\/wp-json\/wp\/v2\/product\/8331","targetHints":{"allow":["GET"]}}],"collection":[{"href":"https:\/\/selectosibericos.com\/en\/wp-json\/wp\/v2\/product"}],"about":[{"href":"https:\/\/selectosibericos.com\/en\/wp-json\/wp\/v2\/types\/product"}],"version-history":[{"count":2,"href":"https:\/\/selectosibericos.com\/en\/wp-json\/wp\/v2\/product\/8331\/revisions"}],"predecessor-version":[{"id":19941,"href":"https:\/\/selectosibericos.com\/en\/wp-json\/wp\/v2\/product\/8331\/revisions\/19941"}],"wp:featuredmedia":[{"embeddable":true,"href":"https:\/\/selectosibericos.com\/en\/wp-json\/wp\/v2\/media\/19940"}],"wp:attachment":[{"href":"https:\/\/selectosibericos.com\/en\/wp-json\/wp\/v2\/media?parent=8331"}],"wp:term":[{"taxonomy":"product_brand","embeddable":true,"href":"https:\/\/selectosibericos.com\/en\/wp-json\/wp\/v2\/product_brand?post=8331"},{"taxonomy":"product_cat","embeddable":true,"href":"https:\/\/selectosibericos.com\/en\/wp-json\/wp\/v2\/product_cat?post=8331"},{"taxonomy":"product_tag","embeddable":true,"href":"https:\/\/selectosibericos.com\/en\/wp-json\/wp\/v2\/product_tag?post=8331"}],"curies":[{"name":"wp","href":"https:\/\/api.w.org\/{rel}","templated":true}]}}