{"id":8327,"date":"2023-11-04T13:59:16","date_gmt":"2023-11-04T18:59:16","guid":{"rendered":"https:\/\/selectosibericos.com\/?post_type=product&#038;p=8327"},"modified":"2025-05-31T14:04:41","modified_gmt":"2025-05-31T19:04:41","slug":"vino-rey-eneo-albarino","status":"publish","type":"product","link":"https:\/\/selectosibericos.com\/en\/product\/vino-rey-eneo-albarino\/","title":{"rendered":"Vino Rey Eneo Albari\u00f1o"},"content":{"rendered":"","protected":false},"excerpt":{"rendered":"<p>Rey Eneo Albari\u00f1o se elabora en pleno coraz\u00f3n de las\u00a0<strong>R\u00edas Baixas con uvas Albari\u00f1o seleccionadas<\/strong>. El objetivo es potenciar la esencia de la variedad para que el vino exprese\u00a0el car\u00e1cter y la riqueza de la misma en todo su esplendor. Este vino, adem\u00e1s, es elaborado de<strong>\u00a0manera tradicional para potenciar su frescura<\/strong>.<\/p>","protected":false},"featured_media":19899,"template":"","meta":[],"product_brand":[],"product_cat":[566,534],"product_tag":[282,287,294],"class_list":{"0":"post-8327","1":"product","2":"type-product","3":"status-publish","4":"has-post-thumbnail","6":"product_cat-vinos","7":"product_cat-vino-blanco","8":"product_tag-vino","9":"product_tag-vino-blanco","10":"product_tag-vino-rosado","11":"tm-no-options-pxq","13":"first","14":"instock","15":"shipping-taxable","16":"purchasable","17":"product-type-simple"},"_links":{"self":[{"href":"https:\/\/selectosibericos.com\/en\/wp-json\/wp\/v2\/product\/8327","targetHints":{"allow":["GET"]}}],"collection":[{"href":"https:\/\/selectosibericos.com\/en\/wp-json\/wp\/v2\/product"}],"about":[{"href":"https:\/\/selectosibericos.com\/en\/wp-json\/wp\/v2\/types\/product"}],"version-history":[{"count":2,"href":"https:\/\/selectosibericos.com\/en\/wp-json\/wp\/v2\/product\/8327\/revisions"}],"predecessor-version":[{"id":19900,"href":"https:\/\/selectosibericos.com\/en\/wp-json\/wp\/v2\/product\/8327\/revisions\/19900"}],"wp:featuredmedia":[{"embeddable":true,"href":"https:\/\/selectosibericos.com\/en\/wp-json\/wp\/v2\/media\/19899"}],"wp:attachment":[{"href":"https:\/\/selectosibericos.com\/en\/wp-json\/wp\/v2\/media?parent=8327"}],"wp:term":[{"taxonomy":"product_brand","embeddable":true,"href":"https:\/\/selectosibericos.com\/en\/wp-json\/wp\/v2\/product_brand?post=8327"},{"taxonomy":"product_cat","embeddable":true,"href":"https:\/\/selectosibericos.com\/en\/wp-json\/wp\/v2\/product_cat?post=8327"},{"taxonomy":"product_tag","embeddable":true,"href":"https:\/\/selectosibericos.com\/en\/wp-json\/wp\/v2\/product_tag?post=8327"}],"curies":[{"name":"wp","href":"https:\/\/api.w.org\/{rel}","templated":true}]}}