{"id":8325,"date":"2023-11-04T13:56:16","date_gmt":"2023-11-04T18:56:16","guid":{"rendered":"https:\/\/selectosibericos.com\/?post_type=product&#038;p=8325"},"modified":"2025-04-12T16:09:10","modified_gmt":"2025-04-12T21:09:10","slug":"vino-masterchef-vinos-de-madrid","status":"publish","type":"product","link":"https:\/\/selectosibericos.com\/en\/product\/vino-masterchef-vinos-de-madrid\/","title":{"rendered":"Vino Masterchef Vinos De Madrid"},"content":{"rendered":"","protected":false},"excerpt":{"rendered":"<p><em>El car\u00e1cter \u00fanico de los vi\u00f1edos madrile\u00f1os<\/em><\/p>\n<p>Seleccionado de las mejores parcelas de la Comunidad de Madrid, este vino representa la esencia de los vinos de la regi\u00f3n.<\/p>\n<p>Con un perfil afrutado y elegante, destaca por su personalidad y versatilidad.<\/p>\n<p>Aromas a frutas rojas maduras y sutiles notas florales dan paso a un paladar fresco y bien estructurado, perfecto para acompa\u00f1ar la gastronom\u00eda m\u00e1s variada.<\/p>","protected":false},"featured_media":19943,"template":"","meta":[],"product_brand":[],"product_cat":[566,533],"product_tag":[801,282,283,298],"class_list":{"0":"post-8325","1":"product","2":"type-product","3":"status-publish","4":"has-post-thumbnail","6":"product_cat-vinos","7":"product_cat-vinos-tintos","8":"product_tag-madrid","9":"product_tag-vino","10":"product_tag-vino-tinto","11":"product_tag-vino-vino-tinto","12":"tm-no-options-pxq","14":"first","15":"instock","16":"shipping-taxable","17":"purchasable","18":"product-type-simple"},"_links":{"self":[{"href":"https:\/\/selectosibericos.com\/en\/wp-json\/wp\/v2\/product\/8325","targetHints":{"allow":["GET"]}}],"collection":[{"href":"https:\/\/selectosibericos.com\/en\/wp-json\/wp\/v2\/product"}],"about":[{"href":"https:\/\/selectosibericos.com\/en\/wp-json\/wp\/v2\/types\/product"}],"version-history":[{"count":3,"href":"https:\/\/selectosibericos.com\/en\/wp-json\/wp\/v2\/product\/8325\/revisions"}],"predecessor-version":[{"id":19945,"href":"https:\/\/selectosibericos.com\/en\/wp-json\/wp\/v2\/product\/8325\/revisions\/19945"}],"wp:featuredmedia":[{"embeddable":true,"href":"https:\/\/selectosibericos.com\/en\/wp-json\/wp\/v2\/media\/19943"}],"wp:attachment":[{"href":"https:\/\/selectosibericos.com\/en\/wp-json\/wp\/v2\/media?parent=8325"}],"wp:term":[{"taxonomy":"product_brand","embeddable":true,"href":"https:\/\/selectosibericos.com\/en\/wp-json\/wp\/v2\/product_brand?post=8325"},{"taxonomy":"product_cat","embeddable":true,"href":"https:\/\/selectosibericos.com\/en\/wp-json\/wp\/v2\/product_cat?post=8325"},{"taxonomy":"product_tag","embeddable":true,"href":"https:\/\/selectosibericos.com\/en\/wp-json\/wp\/v2\/product_tag?post=8325"}],"curies":[{"name":"wp","href":"https:\/\/api.w.org\/{rel}","templated":true}]}}