{"id":8323,"date":"2023-11-04T13:49:32","date_gmt":"2023-11-04T18:49:32","guid":{"rendered":"https:\/\/selectosibericos.com\/?post_type=product&#038;p=8323"},"modified":"2025-05-31T14:04:50","modified_gmt":"2025-05-31T19:04:50","slug":"vino-masterchef-verdejo-rueda","status":"publish","type":"product","link":"https:\/\/selectosibericos.com\/en\/product\/vino-masterchef-verdejo-rueda\/","title":{"rendered":"Vino Masterchef Verdejo Rueda"},"content":{"rendered":"","protected":false},"excerpt":{"rendered":"<p>Un vino que a\u00fan a tierra, tradici\u00f3n e innovaci\u00f3n. Descubre un magn\u00edfico D.O. Rueda fresco, con aromas de piel de naranja y manzana fresca.<\/p>\n<p class=\"desc-normal\">Ideal para maridar pescados blancos y azules, mariscos, quesos y carnes blancas.<\/p>","protected":false},"featured_media":19898,"template":"","meta":[],"product_brand":[],"product_cat":[566,534],"product_tag":[282,287,294],"class_list":{"0":"post-8323","1":"product","2":"type-product","3":"status-publish","4":"has-post-thumbnail","6":"product_cat-vinos","7":"product_cat-vino-blanco","8":"product_tag-vino","9":"product_tag-vino-blanco","10":"product_tag-vino-rosado","11":"tm-no-options-pxq","13":"first","14":"instock","15":"shipping-taxable","16":"purchasable","17":"product-type-simple"},"_links":{"self":[{"href":"https:\/\/selectosibericos.com\/en\/wp-json\/wp\/v2\/product\/8323","targetHints":{"allow":["GET"]}}],"collection":[{"href":"https:\/\/selectosibericos.com\/en\/wp-json\/wp\/v2\/product"}],"about":[{"href":"https:\/\/selectosibericos.com\/en\/wp-json\/wp\/v2\/types\/product"}],"version-history":[{"count":2,"href":"https:\/\/selectosibericos.com\/en\/wp-json\/wp\/v2\/product\/8323\/revisions"}],"predecessor-version":[{"id":19902,"href":"https:\/\/selectosibericos.com\/en\/wp-json\/wp\/v2\/product\/8323\/revisions\/19902"}],"wp:featuredmedia":[{"embeddable":true,"href":"https:\/\/selectosibericos.com\/en\/wp-json\/wp\/v2\/media\/19898"}],"wp:attachment":[{"href":"https:\/\/selectosibericos.com\/en\/wp-json\/wp\/v2\/media?parent=8323"}],"wp:term":[{"taxonomy":"product_brand","embeddable":true,"href":"https:\/\/selectosibericos.com\/en\/wp-json\/wp\/v2\/product_brand?post=8323"},{"taxonomy":"product_cat","embeddable":true,"href":"https:\/\/selectosibericos.com\/en\/wp-json\/wp\/v2\/product_cat?post=8323"},{"taxonomy":"product_tag","embeddable":true,"href":"https:\/\/selectosibericos.com\/en\/wp-json\/wp\/v2\/product_tag?post=8323"}],"curies":[{"name":"wp","href":"https:\/\/api.w.org\/{rel}","templated":true}]}}