{"id":8309,"date":"2023-11-04T13:25:38","date_gmt":"2023-11-04T18:25:38","guid":{"rendered":"https:\/\/selectosibericos.com\/?post_type=product&#038;p=8309"},"modified":"2025-05-31T14:05:13","modified_gmt":"2025-05-31T19:05:13","slug":"vino-masterchef-brut-d-o-cava","status":"publish","type":"product","link":"https:\/\/selectosibericos.com\/en\/product\/vino-masterchef-brut-d-o-cava\/","title":{"rendered":"Vino Masterchef Brut D.o. Cava"},"content":{"rendered":"","protected":false},"excerpt":{"rendered":"<p>Este cava afrutado, herb\u00e1ceo, de burbuja fina, elegante y vers\u00e1til, es un fiel representante de la filosof\u00eda y selecci\u00f3n de MasterChef.<\/p>\n<p class=\"desc-normal\"><span data-sheets-value=\"{&quot;1&quot;:2,&quot;2&quot;:&quot;\\nEste cava afrutado, herb\u00e1ceo, de burbuja fina, elegante y vers\u00e1til, es un fiel representante de la filosof\u00eda y selecci\u00f3n de MasterChef.\\n&quot;}\" data-sheets-userformat=\"{&quot;2&quot;:13187,&quot;3&quot;:{&quot;1&quot;:0},&quot;4&quot;:{&quot;1&quot;:2,&quot;2&quot;:16773836},&quot;10&quot;:0,&quot;11&quot;:4,&quot;12&quot;:0,&quot;15&quot;:&quot;DM Sans&quot;,&quot;16&quot;:11}\"><br \/>\nEste vino espumoso complementa maravillosamente con aperitivos, arroces marineros, ensaladas, cocina oriental, pescados blancos, moluscos y crust\u00e1ceos.<br \/>\n<\/span><\/p>","protected":false},"featured_media":19897,"template":"","meta":[],"product_brand":[],"product_cat":[134,566,534],"product_tag":[],"class_list":{"0":"post-8309","1":"product","2":"type-product","3":"status-publish","4":"has-post-thumbnail","6":"product_cat-licor","7":"product_cat-vinos","8":"product_cat-vino-blanco","9":"tm-no-options-pxq","11":"first","12":"instock","13":"shipping-taxable","14":"purchasable","15":"product-type-simple"},"_links":{"self":[{"href":"https:\/\/selectosibericos.com\/en\/wp-json\/wp\/v2\/product\/8309","targetHints":{"allow":["GET"]}}],"collection":[{"href":"https:\/\/selectosibericos.com\/en\/wp-json\/wp\/v2\/product"}],"about":[{"href":"https:\/\/selectosibericos.com\/en\/wp-json\/wp\/v2\/types\/product"}],"version-history":[{"count":1,"href":"https:\/\/selectosibericos.com\/en\/wp-json\/wp\/v2\/product\/8309\/revisions"}],"predecessor-version":[{"id":19903,"href":"https:\/\/selectosibericos.com\/en\/wp-json\/wp\/v2\/product\/8309\/revisions\/19903"}],"wp:featuredmedia":[{"embeddable":true,"href":"https:\/\/selectosibericos.com\/en\/wp-json\/wp\/v2\/media\/19897"}],"wp:attachment":[{"href":"https:\/\/selectosibericos.com\/en\/wp-json\/wp\/v2\/media?parent=8309"}],"wp:term":[{"taxonomy":"product_brand","embeddable":true,"href":"https:\/\/selectosibericos.com\/en\/wp-json\/wp\/v2\/product_brand?post=8309"},{"taxonomy":"product_cat","embeddable":true,"href":"https:\/\/selectosibericos.com\/en\/wp-json\/wp\/v2\/product_cat?post=8309"},{"taxonomy":"product_tag","embeddable":true,"href":"https:\/\/selectosibericos.com\/en\/wp-json\/wp\/v2\/product_tag?post=8309"}],"curies":[{"name":"wp","href":"https:\/\/api.w.org\/{rel}","templated":true}]}}