{"id":8307,"date":"2023-11-04T13:22:14","date_gmt":"2023-11-04T18:22:14","guid":{"rendered":"https:\/\/selectosibericos.com\/?post_type=product&#038;p=8307"},"modified":"2025-04-12T17:18:20","modified_gmt":"2025-04-12T22:18:20","slug":"vino-eya-tinto","status":"publish","type":"product","link":"https:\/\/selectosibericos.com\/en\/product\/vino-eya-tinto\/","title":{"rendered":"Vino Eya Tinto"},"content":{"rendered":"","protected":false},"excerpt":{"rendered":"<p>Nacido bajo el sol del sureste espa\u00f1ol, Eya Tinto es un homenaje a la uva Monastrell en su expresi\u00f3n m\u00e1s aut\u00e9ntica.<\/p>\n<p>Este vino despliega una personalidad vibrante con aromas intensos a frutas negras maduras (moras, ciruelas) y un toque especiado que recuerda a la tierra que lo vio nacer.<\/p>\n<p>En boca es potente pero sorprendentemente equilibrado, con taninos redondos y un final c\u00e1lido que invita a seguir disfrutando.<\/p>","protected":false},"featured_media":19957,"template":"","meta":[],"product_brand":[],"product_cat":[566,533],"product_tag":[806,293,283],"class_list":{"0":"post-8307","1":"product","2":"type-product","3":"status-publish","4":"has-post-thumbnail","6":"product_cat-vinos","7":"product_cat-vinos-tintos","8":"product_tag-monastrell","9":"product_tag-tinto","10":"product_tag-vino-tinto","11":"tm-no-options-pxq","13":"first","14":"instock","15":"shipping-taxable","16":"purchasable","17":"product-type-simple"},"_links":{"self":[{"href":"https:\/\/selectosibericos.com\/en\/wp-json\/wp\/v2\/product\/8307","targetHints":{"allow":["GET"]}}],"collection":[{"href":"https:\/\/selectosibericos.com\/en\/wp-json\/wp\/v2\/product"}],"about":[{"href":"https:\/\/selectosibericos.com\/en\/wp-json\/wp\/v2\/types\/product"}],"version-history":[{"count":1,"href":"https:\/\/selectosibericos.com\/en\/wp-json\/wp\/v2\/product\/8307\/revisions"}],"predecessor-version":[{"id":19958,"href":"https:\/\/selectosibericos.com\/en\/wp-json\/wp\/v2\/product\/8307\/revisions\/19958"}],"wp:featuredmedia":[{"embeddable":true,"href":"https:\/\/selectosibericos.com\/en\/wp-json\/wp\/v2\/media\/19957"}],"wp:attachment":[{"href":"https:\/\/selectosibericos.com\/en\/wp-json\/wp\/v2\/media?parent=8307"}],"wp:term":[{"taxonomy":"product_brand","embeddable":true,"href":"https:\/\/selectosibericos.com\/en\/wp-json\/wp\/v2\/product_brand?post=8307"},{"taxonomy":"product_cat","embeddable":true,"href":"https:\/\/selectosibericos.com\/en\/wp-json\/wp\/v2\/product_cat?post=8307"},{"taxonomy":"product_tag","embeddable":true,"href":"https:\/\/selectosibericos.com\/en\/wp-json\/wp\/v2\/product_tag?post=8307"}],"curies":[{"name":"wp","href":"https:\/\/api.w.org\/{rel}","templated":true}]}}