{"id":8305,"date":"2023-11-04T13:19:29","date_gmt":"2023-11-04T18:19:29","guid":{"rendered":"https:\/\/selectosibericos.com\/?post_type=product&#038;p=8305"},"modified":"2025-04-10T12:06:34","modified_gmt":"2025-04-10T17:06:34","slug":"vino-eya-verdejo","status":"publish","type":"product","link":"https:\/\/selectosibericos.com\/en\/product\/vino-eya-verdejo\/","title":{"rendered":"Vino Eya Verdejo"},"content":{"rendered":"","protected":false},"excerpt":{"rendered":"<p><strong>Eya Verdejo<\/strong>\u00a0es el blanco perfecto para los amantes de los vinos arom\u00e1ticos. Pru\u00e9balo y d\u00e9jate envolver por los matices que las uvas Verdejo aportan a este caldo.<\/p>","protected":false},"featured_media":19904,"template":"","meta":[],"product_brand":[],"product_cat":[566,534],"product_tag":[],"class_list":{"0":"post-8305","1":"product","2":"type-product","3":"status-publish","4":"has-post-thumbnail","6":"product_cat-vinos","7":"product_cat-vino-blanco","8":"tm-no-options-pxq","10":"first","11":"instock","12":"shipping-taxable","13":"purchasable","14":"product-type-simple"},"_links":{"self":[{"href":"https:\/\/selectosibericos.com\/en\/wp-json\/wp\/v2\/product\/8305","targetHints":{"allow":["GET"]}}],"collection":[{"href":"https:\/\/selectosibericos.com\/en\/wp-json\/wp\/v2\/product"}],"about":[{"href":"https:\/\/selectosibericos.com\/en\/wp-json\/wp\/v2\/types\/product"}],"version-history":[{"count":1,"href":"https:\/\/selectosibericos.com\/en\/wp-json\/wp\/v2\/product\/8305\/revisions"}],"predecessor-version":[{"id":19905,"href":"https:\/\/selectosibericos.com\/en\/wp-json\/wp\/v2\/product\/8305\/revisions\/19905"}],"wp:featuredmedia":[{"embeddable":true,"href":"https:\/\/selectosibericos.com\/en\/wp-json\/wp\/v2\/media\/19904"}],"wp:attachment":[{"href":"https:\/\/selectosibericos.com\/en\/wp-json\/wp\/v2\/media?parent=8305"}],"wp:term":[{"taxonomy":"product_brand","embeddable":true,"href":"https:\/\/selectosibericos.com\/en\/wp-json\/wp\/v2\/product_brand?post=8305"},{"taxonomy":"product_cat","embeddable":true,"href":"https:\/\/selectosibericos.com\/en\/wp-json\/wp\/v2\/product_cat?post=8305"},{"taxonomy":"product_tag","embeddable":true,"href":"https:\/\/selectosibericos.com\/en\/wp-json\/wp\/v2\/product_tag?post=8305"}],"curies":[{"name":"wp","href":"https:\/\/api.w.org\/{rel}","templated":true}]}}