{"id":8298,"date":"2023-11-04T13:04:29","date_gmt":"2023-11-04T18:04:29","guid":{"rendered":"https:\/\/selectosibericos.com\/?post_type=product&#038;p=8298"},"modified":"2025-04-12T17:50:01","modified_gmt":"2025-04-12T22:50:01","slug":"vino-altico-syrah","status":"publish","type":"product","link":"https:\/\/selectosibericos.com\/en\/product\/vino-altico-syrah\/","title":{"rendered":"Vino Altico Syrah"},"content":{"rendered":"","protected":false},"excerpt":{"rendered":"<div class=\"summary entry-summary\">\n<div class=\"woocommerce-product-details__short-description\">\n<p>Este vino Syrah es un tributo al terru\u00f1o que lo vio nacer, elaborado con uvas seleccionadas de un vi\u00f1edo excepcional.<\/p>\n<p>Con 12 meses de crianza en barricas de roble franc\u00e9s y otro a\u00f1o en botella, desarrolla una complejidad arom\u00e1tica donde destacan notas de frutas negras confitadas, pimienta negra y un elegante toque ahumado.<\/p>\n<p>En boca es potente pero refinado, con taninos sedosos y un final infinito que revela su origen \u00fanico.<\/p>\n<\/div>\n<\/div>","protected":false},"featured_media":19964,"template":"","meta":[],"product_brand":[],"product_cat":[566,533],"product_tag":[812,810,809,808,811,427,283],"class_list":{"0":"post-8298","1":"product","2":"type-product","3":"status-publish","4":"has-post-thumbnail","6":"product_cat-vinos","7":"product_cat-vinos-tintos","8":"product_tag-con-taninos-sedosos-y-un-final-infinito-que-revela-su-origen-unico","9":"product_tag-desarrolla-una-complejidad-aromatica-donde-destacan-notas-de-frutas-negras-confitadas","10":"product_tag-elaborado-con-uvas-seleccionadas-de-un-vinedo-excepcional-con-12-meses-de-crianza-en-barricas-de-roble-frances-y-otro-ano-en-botella","11":"product_tag-este-monovarietal-de-syrah-es-un-tributo-al-terruno-que-lo-vio-nacer","12":"product_tag-pimienta-negra-y-un-elegante-toque-ahumado-en-boca-es-potente-pero-refinado","13":"product_tag-syrah","14":"product_tag-vino-tinto","15":"tm-no-options-pxq","17":"first","18":"instock","19":"shipping-taxable","20":"purchasable","21":"product-type-simple"},"_links":{"self":[{"href":"https:\/\/selectosibericos.com\/en\/wp-json\/wp\/v2\/product\/8298","targetHints":{"allow":["GET"]}}],"collection":[{"href":"https:\/\/selectosibericos.com\/en\/wp-json\/wp\/v2\/product"}],"about":[{"href":"https:\/\/selectosibericos.com\/en\/wp-json\/wp\/v2\/types\/product"}],"version-history":[{"count":1,"href":"https:\/\/selectosibericos.com\/en\/wp-json\/wp\/v2\/product\/8298\/revisions"}],"predecessor-version":[{"id":19965,"href":"https:\/\/selectosibericos.com\/en\/wp-json\/wp\/v2\/product\/8298\/revisions\/19965"}],"wp:featuredmedia":[{"embeddable":true,"href":"https:\/\/selectosibericos.com\/en\/wp-json\/wp\/v2\/media\/19964"}],"wp:attachment":[{"href":"https:\/\/selectosibericos.com\/en\/wp-json\/wp\/v2\/media?parent=8298"}],"wp:term":[{"taxonomy":"product_brand","embeddable":true,"href":"https:\/\/selectosibericos.com\/en\/wp-json\/wp\/v2\/product_brand?post=8298"},{"taxonomy":"product_cat","embeddable":true,"href":"https:\/\/selectosibericos.com\/en\/wp-json\/wp\/v2\/product_cat?post=8298"},{"taxonomy":"product_tag","embeddable":true,"href":"https:\/\/selectosibericos.com\/en\/wp-json\/wp\/v2\/product_tag?post=8298"}],"curies":[{"name":"wp","href":"https:\/\/api.w.org\/{rel}","templated":true}]}}