{"id":8233,"date":"2023-09-06T13:54:15","date_gmt":"2023-09-06T18:54:15","guid":{"rendered":"https:\/\/selectosibericos.com\/?post_type=product&#038;p=8233"},"modified":"2025-05-27T16:48:31","modified_gmt":"2025-05-27T21:48:31","slug":"bocata-xl-de-jamon","status":"publish","type":"product","link":"https:\/\/selectosibericos.com\/en\/product\/bocata-xl-de-jamon\/","title":{"rendered":"Bocata Xl de Jam\u00f3n Serrano Reserva"},"content":{"rendered":"<p>Bocata XL de 45cm ideal para compartir.<\/p>","protected":false},"excerpt":{"rendered":"<p>&nbsp;<\/p>\n<p>Nuestro jam\u00f3n serrano reserva se destaca por su curaci\u00f3n prolongada, otorg\u00e1ndole un sabor m\u00e1s profundo y una textura suave.<\/p>\n<p>Este bocata <strong>tama\u00f1o XL<\/strong> se sirve en nuestro pan baguette de masa madre artesanal, untado con aceite de oliva virgen extra y tomaca, ofreciendo una experiencia gastron\u00f3mica irresistible.<\/p>","protected":false},"featured_media":8246,"template":"","meta":[],"product_brand":[],"product_cat":[490,637],"product_tag":[440,270,540,576,577],"class_list":{"0":"post-8233","1":"product","2":"type-product","3":"status-publish","4":"has-post-thumbnail","6":"product_cat-bocatas","7":"product_cat-tamano-xl","8":"product_tag-bocata","9":"product_tag-jamon","10":"product_tag-jamon-iberico","11":"product_tag-jamon-serrano","12":"product_tag-sandwich","13":"tm-has-options","15":"first","16":"instock","17":"shipping-taxable","18":"purchasable","19":"product-type-simple"},"_links":{"self":[{"href":"https:\/\/selectosibericos.com\/en\/wp-json\/wp\/v2\/product\/8233","targetHints":{"allow":["GET"]}}],"collection":[{"href":"https:\/\/selectosibericos.com\/en\/wp-json\/wp\/v2\/product"}],"about":[{"href":"https:\/\/selectosibericos.com\/en\/wp-json\/wp\/v2\/types\/product"}],"version-history":[{"count":3,"href":"https:\/\/selectosibericos.com\/en\/wp-json\/wp\/v2\/product\/8233\/revisions"}],"predecessor-version":[{"id":17903,"href":"https:\/\/selectosibericos.com\/en\/wp-json\/wp\/v2\/product\/8233\/revisions\/17903"}],"wp:featuredmedia":[{"embeddable":true,"href":"https:\/\/selectosibericos.com\/en\/wp-json\/wp\/v2\/media\/8246"}],"wp:attachment":[{"href":"https:\/\/selectosibericos.com\/en\/wp-json\/wp\/v2\/media?parent=8233"}],"wp:term":[{"taxonomy":"product_brand","embeddable":true,"href":"https:\/\/selectosibericos.com\/en\/wp-json\/wp\/v2\/product_brand?post=8233"},{"taxonomy":"product_cat","embeddable":true,"href":"https:\/\/selectosibericos.com\/en\/wp-json\/wp\/v2\/product_cat?post=8233"},{"taxonomy":"product_tag","embeddable":true,"href":"https:\/\/selectosibericos.com\/en\/wp-json\/wp\/v2\/product_tag?post=8233"}],"curies":[{"name":"wp","href":"https:\/\/api.w.org\/{rel}","templated":true}]}}