{"id":8155,"date":"2023-04-25T17:37:44","date_gmt":"2023-04-25T22:37:44","guid":{"rendered":"https:\/\/selectosibericos.com\/?post_type=product&#038;p=8155"},"modified":"2024-10-04T11:19:40","modified_gmt":"2024-10-04T16:19:40","slug":"vino-valonga-blanco-chardonnay","status":"publish","type":"product","link":"https:\/\/selectosibericos.com\/en\/product\/vino-valonga-blanco-chardonnay\/","title":{"rendered":"Vino Valonga Blanco Chardonnay"},"content":{"rendered":"<p>Variedad de uva: Chardonnay.<br \/>\nD.O: Arag\u00f3n.<br \/>\nGrado alcoh\u00f3lico: 13% vol.<\/p>","protected":false},"excerpt":{"rendered":"<p>Nota de Cata: Vista: amarillo pajizo con tonalidades verdosas. Limpio y brillante.<\/p>\n<p>Nariz: intenso aroma con buena expresi\u00f3n varietal (avellanas, tostadas) fundido con notas de fruta tropical (pi\u00f1a, pomelo) y c\u00edtricos.<\/p>\n<p>Boca: densa y cremosa, con un desarrollo amplio y fresca acidez.<\/p>","protected":false},"featured_media":8156,"template":"","meta":[],"product_brand":[],"product_cat":[134,566,534],"product_tag":[],"class_list":{"0":"post-8155","1":"product","2":"type-product","3":"status-publish","4":"has-post-thumbnail","6":"product_cat-licor","7":"product_cat-vinos","8":"product_cat-vino-blanco","9":"tm-no-options-pxq","11":"first","12":"outofstock","13":"shipping-taxable","14":"purchasable","15":"product-type-simple"},"_links":{"self":[{"href":"https:\/\/selectosibericos.com\/en\/wp-json\/wp\/v2\/product\/8155","targetHints":{"allow":["GET"]}}],"collection":[{"href":"https:\/\/selectosibericos.com\/en\/wp-json\/wp\/v2\/product"}],"about":[{"href":"https:\/\/selectosibericos.com\/en\/wp-json\/wp\/v2\/types\/product"}],"version-history":[{"count":1,"href":"https:\/\/selectosibericos.com\/en\/wp-json\/wp\/v2\/product\/8155\/revisions"}],"predecessor-version":[{"id":18541,"href":"https:\/\/selectosibericos.com\/en\/wp-json\/wp\/v2\/product\/8155\/revisions\/18541"}],"wp:featuredmedia":[{"embeddable":true,"href":"https:\/\/selectosibericos.com\/en\/wp-json\/wp\/v2\/media\/8156"}],"wp:attachment":[{"href":"https:\/\/selectosibericos.com\/en\/wp-json\/wp\/v2\/media?parent=8155"}],"wp:term":[{"taxonomy":"product_brand","embeddable":true,"href":"https:\/\/selectosibericos.com\/en\/wp-json\/wp\/v2\/product_brand?post=8155"},{"taxonomy":"product_cat","embeddable":true,"href":"https:\/\/selectosibericos.com\/en\/wp-json\/wp\/v2\/product_cat?post=8155"},{"taxonomy":"product_tag","embeddable":true,"href":"https:\/\/selectosibericos.com\/en\/wp-json\/wp\/v2\/product_tag?post=8155"}],"curies":[{"name":"wp","href":"https:\/\/api.w.org\/{rel}","templated":true}]}}