{"id":8080,"date":"2023-03-29T16:19:27","date_gmt":"2023-03-29T21:19:27","guid":{"rendered":"https:\/\/selectosibericos.com\/?post_type=product&#038;p=8080"},"modified":"2024-09-06T18:30:02","modified_gmt":"2024-09-06T23:30:02","slug":"embutidos-ibericos-por-100gr","status":"publish","type":"product","link":"https:\/\/selectosibericos.com\/en\/product\/embutidos-ibericos-por-100gr\/","title":{"rendered":"Salchich\u00f3n ib\u00e9rico por 100gr"},"content":{"rendered":"<p>100 gr de Salchich\u00f3n Ib\u00e9rico. \u00a1Elige la presentaci\u00f3n que desees!<\/p>\n<p><em><strong>Presentaciones\u2757:<\/strong><\/em><\/p>\n<ul>\n<li><em><strong>PAPEL MANTECA:\u00a0<\/strong>rebanado y cuidadosamente\u00a0<strong>empaquetado en papel manteca<\/strong>\u00a0por cada 100 gramos.<br \/>\nEste empaque preserva la frescura del producto reci\u00e9n cortado y permite disfrutarlo en la cantidad deseada, en cualquier momento.<\/em><\/li>\n<li><em><strong>EMPACADO AL VAC\u00cdO:\u00a0<\/strong>rebanado y cuidadosamente\u00a0<strong>empaquetado al vac\u00edo<\/strong>\u00a0por cada 100 gramos.<br \/>\nEste empaque preserva la frescura del producto reci\u00e9n cortado por mucho m\u00e1s tiempo refrigerado y permite disfrutarlo en la cantidad deseada, en cualquier momento.<\/em><\/li>\n<li><em><strong>EN BASE DE CARTONCILLO:<\/strong>\u00a0rebanado y presentado en una\u00a0<strong>elegante tabla de cart\u00f3n con film<\/strong>, este empaque preserva la frescura del producto reci\u00e9n cortado, es la elecci\u00f3n perfecta para reuniones y celebraciones, y permite disfrutarlo en la cantidad deseada, en cualquier momento.<\/em><\/li>\n<li><em><strong>EN BASE DE CARTONCILLO AL VAC\u00cdO:\u00a0<\/strong>rebanado y presentado en una elegante<strong> tabla de cart\u00f3n al vac\u00edo<\/strong>, este empaque preserva la frescura del producto reci\u00e9n cortado por mucho m\u00e1s tiempo refrigerado, es la elecci\u00f3n perfecta para reuniones y celebraciones, y permite disfrutarlo en la cantidad deseada, en cualquier momento.<\/em><\/li>\n<li><em><strong>EN BASE DE CARTONCILLO CON SOBRE SELECTOS:\u00a0<\/strong>rebanado y presentado en una elegante tabla de cart\u00f3n con un sobre, este empaque preserva la frescura del producto reci\u00e9n cortado por mucho m\u00e1s tiempo refrigerado, es la\u00a0<strong>elecci\u00f3n perfecta para hacer un regalo \u00fanico y delicioso. Incluye tarjeta dedicatoria.<\/strong><\/em><\/li>\n<\/ul>","protected":false},"excerpt":{"rendered":"<p>El Salchich\u00f3n Ib\u00e9rico Marcial ofrece una explosi\u00f3n de sabor en cada bocado.<\/p>\n<p>Con una textura suave y un equilibrado toque de especias, este embutido se cura lentamente para realzar su aroma y sabor \u00fanico.<\/p>\n<p>Su versatilidad lo hace perfecto para cualquier ocasi\u00f3n, desde un tapeo casual hasta una cena especial.<\/p>\n<p>100 gr de Salchich\u00f3n Ib\u00e9rico. \u00a1Elige la presentaci\u00f3n que desees!<\/p>","protected":false},"featured_media":17757,"template":"","meta":[],"product_brand":[],"product_cat":[564,565],"product_tag":[268,267,666],"class_list":{"0":"post-8080","1":"product","2":"type-product","3":"status-publish","4":"has-post-thumbnail","6":"product_cat-embutidos-2","7":"product_cat-por-gramos-embutidos-2","8":"product_tag-iberico","9":"product_tag-salchichon","10":"product_tag-salchichon-iberico","11":"tm-has-options","13":"first","14":"instock","15":"shipping-taxable","16":"purchasable","17":"product-type-simple"},"_links":{"self":[{"href":"https:\/\/selectosibericos.com\/en\/wp-json\/wp\/v2\/product\/8080","targetHints":{"allow":["GET"]}}],"collection":[{"href":"https:\/\/selectosibericos.com\/en\/wp-json\/wp\/v2\/product"}],"about":[{"href":"https:\/\/selectosibericos.com\/en\/wp-json\/wp\/v2\/types\/product"}],"version-history":[{"count":4,"href":"https:\/\/selectosibericos.com\/en\/wp-json\/wp\/v2\/product\/8080\/revisions"}],"predecessor-version":[{"id":18198,"href":"https:\/\/selectosibericos.com\/en\/wp-json\/wp\/v2\/product\/8080\/revisions\/18198"}],"wp:featuredmedia":[{"embeddable":true,"href":"https:\/\/selectosibericos.com\/en\/wp-json\/wp\/v2\/media\/17757"}],"wp:attachment":[{"href":"https:\/\/selectosibericos.com\/en\/wp-json\/wp\/v2\/media?parent=8080"}],"wp:term":[{"taxonomy":"product_brand","embeddable":true,"href":"https:\/\/selectosibericos.com\/en\/wp-json\/wp\/v2\/product_brand?post=8080"},{"taxonomy":"product_cat","embeddable":true,"href":"https:\/\/selectosibericos.com\/en\/wp-json\/wp\/v2\/product_cat?post=8080"},{"taxonomy":"product_tag","embeddable":true,"href":"https:\/\/selectosibericos.com\/en\/wp-json\/wp\/v2\/product_tag?post=8080"}],"curies":[{"name":"wp","href":"https:\/\/api.w.org\/{rel}","templated":true}]}}