{"id":8039,"date":"2023-03-12T13:26:27","date_gmt":"2023-03-12T18:26:27","guid":{"rendered":"https:\/\/selectosibericos.com\/?post_type=product&#038;p=8039"},"modified":"2024-09-06T19:17:56","modified_gmt":"2024-09-07T00:17:56","slug":"embutido-iberico-bellota-por-100-gr","status":"publish","type":"product","link":"https:\/\/selectosibericos.com\/en\/product\/embutido-iberico-bellota-por-100-gr\/","title":{"rendered":"Chorizo Ib\u00e9rico Bellota por 100 gr"},"content":{"rendered":"<p>100 gr de Chorizo Ib\u00e9rico de Bellota. \u00a1Elige la presentaci\u00f3n que desees!<\/p>\n<p><em><strong>Presentaciones\u2757:<\/strong><\/em><\/p>\n<ul>\n<li><em><strong>PAPEL MANTECA:\u00a0<\/strong>rebanado y cuidadosamente\u00a0<strong>empaquetado en papel manteca<\/strong>\u00a0por cada 100 gramos.<br \/>\nEste empaque preserva la frescura del producto reci\u00e9n cortado y permite disfrutarlo en la cantidad deseada, en cualquier momento.<\/em><\/li>\n<li><em><strong>EMPACADO AL VAC\u00cdO:\u00a0<\/strong>rebanado y cuidadosamente\u00a0<strong>empaquetado al vac\u00edo<\/strong>\u00a0por cada 100 gramos.<br \/>\nEste empaque preserva la frescura del producto reci\u00e9n cortado por mucho m\u00e1s tiempo refrigerado y permite disfrutarlo en la cantidad deseada, en cualquier momento.<\/em><\/li>\n<li><em><strong>EN BASE DE CARTONCILLO:<\/strong>\u00a0rebanado y presentado en una\u00a0<strong>elegante tabla de cart\u00f3n con film<\/strong>, este empaque preserva la frescura del producto reci\u00e9n cortado, es la elecci\u00f3n perfecta para reuniones y celebraciones, y permite disfrutarlo en la cantidad deseada, en cualquier momento.<\/em><\/li>\n<li><em><strong>EN BASE DE CARTONCILLO AL VAC\u00cdO:\u00a0<\/strong>rebanado y presentado en una elegante<strong> tabla de cart\u00f3n al vac\u00edo<\/strong>, este empaque preserva la frescura del producto reci\u00e9n cortado por mucho m\u00e1s tiempo refrigerado, es la elecci\u00f3n perfecta para reuniones y celebraciones, y permite disfrutarlo en la cantidad deseada, en cualquier momento.<\/em><\/li>\n<li><em><strong>EN BASE DE CARTONCILLO CON SOBRE SELECTOS:\u00a0<\/strong>rebanado y presentado en una elegante tabla de cart\u00f3n con un sobre, este empaque preserva la frescura del producto reci\u00e9n cortado por mucho m\u00e1s tiempo refrigerado, es la\u00a0<strong>elecci\u00f3n perfecta para hacer un regalo \u00fanico y delicioso. Incluye tarjeta dedicatoria.<\/strong><\/em><\/li>\n<\/ul>","protected":false},"excerpt":{"rendered":"<p>El Chorizo Ib\u00e9rico Bellota es el resultado de una combinaci\u00f3n perfecta de carne de cerdo ib\u00e9rico de bellota y piment\u00f3n de la Vera.<\/p>\n<p>Su sabor es potente y ligeramente ahumado, que lo hace irresistible.<\/p>\n<p>Es el acompa\u00f1amiento perfecto para tus tapas o para saborear solo, apreciando cada matiz de su proceso artesanal.<\/p>\n<p>100 gr de Chorizo Ib\u00e9rico de Bellota. \u00a1Elige la presentaci\u00f3n que desees!<\/p>","protected":false},"featured_media":18172,"template":"","meta":[],"product_brand":[],"product_cat":[565],"product_tag":[373,672,673,668],"class_list":{"0":"post-8039","1":"product","2":"type-product","3":"status-publish","4":"has-post-thumbnail","6":"product_cat-por-gramos-embutidos-2","7":"product_tag-bellota","8":"product_tag-chorizo-bellota","9":"product_tag-chorizo-de-bellota","10":"product_tag-chorizo-iberico","11":"tm-has-options","13":"first","14":"instock","15":"shipping-taxable","16":"purchasable","17":"product-type-simple"},"_links":{"self":[{"href":"https:\/\/selectosibericos.com\/en\/wp-json\/wp\/v2\/product\/8039","targetHints":{"allow":["GET"]}}],"collection":[{"href":"https:\/\/selectosibericos.com\/en\/wp-json\/wp\/v2\/product"}],"about":[{"href":"https:\/\/selectosibericos.com\/en\/wp-json\/wp\/v2\/types\/product"}],"version-history":[{"count":4,"href":"https:\/\/selectosibericos.com\/en\/wp-json\/wp\/v2\/product\/8039\/revisions"}],"predecessor-version":[{"id":18201,"href":"https:\/\/selectosibericos.com\/en\/wp-json\/wp\/v2\/product\/8039\/revisions\/18201"}],"wp:featuredmedia":[{"embeddable":true,"href":"https:\/\/selectosibericos.com\/en\/wp-json\/wp\/v2\/media\/18172"}],"wp:attachment":[{"href":"https:\/\/selectosibericos.com\/en\/wp-json\/wp\/v2\/media?parent=8039"}],"wp:term":[{"taxonomy":"product_brand","embeddable":true,"href":"https:\/\/selectosibericos.com\/en\/wp-json\/wp\/v2\/product_brand?post=8039"},{"taxonomy":"product_cat","embeddable":true,"href":"https:\/\/selectosibericos.com\/en\/wp-json\/wp\/v2\/product_cat?post=8039"},{"taxonomy":"product_tag","embeddable":true,"href":"https:\/\/selectosibericos.com\/en\/wp-json\/wp\/v2\/product_tag?post=8039"}],"curies":[{"name":"wp","href":"https:\/\/api.w.org\/{rel}","templated":true}]}}