{"id":8027,"date":"2023-03-09T11:32:00","date_gmt":"2023-03-09T16:32:00","guid":{"rendered":"https:\/\/selectosibericos.com\/?post_type=product&#038;p=8027"},"modified":"2024-09-06T20:17:40","modified_gmt":"2024-09-07T01:17:40","slug":"jamon-iberico-por-100-gr","status":"publish","type":"product","link":"https:\/\/selectosibericos.com\/en\/product\/jamon-iberico-por-100-gr\/","title":{"rendered":"Jam\u00f3n Ib\u00e9rico de Cebo Marcial por 100 gr"},"content":{"rendered":"<p>100 gr de Jam\u00f3n Ib\u00e9rico de Cebo Marcial. \u00a1Elige la presentaci\u00f3n que desees!<\/p>\n<p><em><strong>Presentaciones\u2757:<\/strong><\/em><\/p>\n<ul>\n<li><em><strong>PAPEL MANTECA:\u00a0<\/strong>rebanado y cuidadosamente\u00a0<strong>empaquetado en papel manteca<\/strong>\u00a0por cada 100 gramos.<br \/>\nEste empaque preserva la frescura del producto reci\u00e9n cortado y permite disfrutarlo en la cantidad deseada, en cualquier momento.<\/em><\/li>\n<li><em><strong>EMPACADO AL VAC\u00cdO:\u00a0<\/strong>rebanado y cuidadosamente\u00a0<strong>empaquetado al vac\u00edo<\/strong>\u00a0por cada 100 gramos.<br \/>\nEste empaque preserva la frescura del producto reci\u00e9n cortado por mucho m\u00e1s tiempo refrigerado y permite disfrutarlo en la cantidad deseada, en cualquier momento.<\/em><\/li>\n<li><em><strong>EN BASE DE CARTONCILLO:<\/strong>\u00a0rebanado y presentado en una\u00a0<strong>elegante tabla de cart\u00f3n con film<\/strong>, este empaque preserva la frescura del producto reci\u00e9n cortado, es la elecci\u00f3n perfecta para reuniones y celebraciones, y permite disfrutarlo en la cantidad deseada, en cualquier momento.<\/em><\/li>\n<li><em><strong>EN BASE DE CARTONCILLO AL VAC\u00cdO:\u00a0<\/strong>rebanado y presentado en una elegante<strong>\u00a0tabla de cart\u00f3n al vac\u00edo<\/strong>, este empaque preserva la frescura del producto reci\u00e9n cortado por mucho m\u00e1s tiempo refrigerado, es la elecci\u00f3n perfecta para reuniones y celebraciones, y permite disfrutarlo en la cantidad deseada, en cualquier momento.<\/em><\/li>\n<li><em><strong>EN BASE DE CARTONCILLO CON SOBRE SELECTOS:\u00a0<\/strong>rebanado y presentado en una elegante tabla de cart\u00f3n con un sobre, este empaque preserva la frescura del producto reci\u00e9n cortado por mucho m\u00e1s tiempo refrigerado, es la\u00a0<strong>elecci\u00f3n perfecta para hacer un regalo \u00fanico y delicioso. Incluye tarjeta dedicatoria.<\/strong><\/em><\/li>\n<\/ul>","protected":false},"excerpt":{"rendered":"<p><strong>Disfruta del exquisito Jam\u00f3n Ib\u00e9rico de Cebo Marcial.<\/strong><\/p>\n<p>Elaborado con cerdos alimentados con una dieta de piensos selectos, este jam\u00f3n ofrece un sabor suave y arom\u00e1tico que deleita el paladar.<\/p>\n<p>Su cuidadosa curaci\u00f3n y su carne tierna lo convierten en una elecci\u00f3n ideal para aquellos que aprecian la calidad y el sabor tradicional del jam\u00f3n ib\u00e9rico.<\/p>\n<p>100 gr de Jam\u00f3n Ib\u00e9rico de Cebo Marcial. \u00a1Elige la presentaci\u00f3n que desees!<\/p>","protected":false},"featured_media":7280,"template":"","meta":[],"product_brand":[],"product_cat":[555,560],"product_tag":[268,270,540,352],"class_list":{"0":"post-8027","1":"product","2":"type-product","3":"status-publish","4":"has-post-thumbnail","6":"product_cat-jamones","7":"product_cat-por-gramos-deshuesado","8":"product_tag-iberico","9":"product_tag-jamon","10":"product_tag-jamon-iberico","11":"product_tag-jamoniberico","12":"tm-has-options","14":"first","15":"instock","16":"shipping-taxable","17":"purchasable","18":"product-type-simple"},"_links":{"self":[{"href":"https:\/\/selectosibericos.com\/en\/wp-json\/wp\/v2\/product\/8027","targetHints":{"allow":["GET"]}}],"collection":[{"href":"https:\/\/selectosibericos.com\/en\/wp-json\/wp\/v2\/product"}],"about":[{"href":"https:\/\/selectosibericos.com\/en\/wp-json\/wp\/v2\/types\/product"}],"version-history":[{"count":4,"href":"https:\/\/selectosibericos.com\/en\/wp-json\/wp\/v2\/product\/8027\/revisions"}],"predecessor-version":[{"id":18230,"href":"https:\/\/selectosibericos.com\/en\/wp-json\/wp\/v2\/product\/8027\/revisions\/18230"}],"wp:featuredmedia":[{"embeddable":true,"href":"https:\/\/selectosibericos.com\/en\/wp-json\/wp\/v2\/media\/7280"}],"wp:attachment":[{"href":"https:\/\/selectosibericos.com\/en\/wp-json\/wp\/v2\/media?parent=8027"}],"wp:term":[{"taxonomy":"product_brand","embeddable":true,"href":"https:\/\/selectosibericos.com\/en\/wp-json\/wp\/v2\/product_brand?post=8027"},{"taxonomy":"product_cat","embeddable":true,"href":"https:\/\/selectosibericos.com\/en\/wp-json\/wp\/v2\/product_cat?post=8027"},{"taxonomy":"product_tag","embeddable":true,"href":"https:\/\/selectosibericos.com\/en\/wp-json\/wp\/v2\/product_tag?post=8027"}],"curies":[{"name":"wp","href":"https:\/\/api.w.org\/{rel}","templated":true}]}}