{"id":7700,"date":"2022-09-11T15:59:23","date_gmt":"2022-09-11T20:59:23","guid":{"rendered":"https:\/\/selectosibericos.com\/?post_type=product&#038;p=7700"},"modified":"2026-01-05T18:39:54","modified_gmt":"2026-01-05T23:39:54","slug":"pata-jamon-serrano-gran-reserva-el-chato","status":"publish","type":"product","link":"https:\/\/selectosibericos.com\/en\/product\/pata-jamon-serrano-gran-reserva-el-chato\/","title":{"rendered":"Pata Jam\u00f3n Serrano Gran Reserva El Chato"},"content":{"rendered":"","protected":false},"excerpt":{"rendered":"<p>Per\u00edodo de curaci\u00f3n de +15 meses. Ha sido galardonado con numerosos premios, entre ellos el\u00a0\u201cPremio Gran Selecci\u00f3n\u201d.<\/p>\n<p>Se ha alzado con el galard\u00f3n el jam\u00f3n serrano gran reserva \u201cJaseto\u201d fabricado por jamones El Chato, de Torrijos (Toledo).<\/p>","protected":false},"featured_media":7693,"template":"","meta":[],"product_brand":[],"product_cat":[532],"product_tag":[],"class_list":{"0":"post-7700","1":"product","2":"type-product","3":"status-publish","4":"has-post-thumbnail","6":"product_cat-con-pata","7":"tm-no-options-pxq","9":"first","10":"instock","11":"shipping-taxable","12":"purchasable","13":"product-type-simple"},"_links":{"self":[{"href":"https:\/\/selectosibericos.com\/en\/wp-json\/wp\/v2\/product\/7700","targetHints":{"allow":["GET"]}}],"collection":[{"href":"https:\/\/selectosibericos.com\/en\/wp-json\/wp\/v2\/product"}],"about":[{"href":"https:\/\/selectosibericos.com\/en\/wp-json\/wp\/v2\/types\/product"}],"version-history":[{"count":2,"href":"https:\/\/selectosibericos.com\/en\/wp-json\/wp\/v2\/product\/7700\/revisions"}],"predecessor-version":[{"id":20971,"href":"https:\/\/selectosibericos.com\/en\/wp-json\/wp\/v2\/product\/7700\/revisions\/20971"}],"wp:featuredmedia":[{"embeddable":true,"href":"https:\/\/selectosibericos.com\/en\/wp-json\/wp\/v2\/media\/7693"}],"wp:attachment":[{"href":"https:\/\/selectosibericos.com\/en\/wp-json\/wp\/v2\/media?parent=7700"}],"wp:term":[{"taxonomy":"product_brand","embeddable":true,"href":"https:\/\/selectosibericos.com\/en\/wp-json\/wp\/v2\/product_brand?post=7700"},{"taxonomy":"product_cat","embeddable":true,"href":"https:\/\/selectosibericos.com\/en\/wp-json\/wp\/v2\/product_cat?post=7700"},{"taxonomy":"product_tag","embeddable":true,"href":"https:\/\/selectosibericos.com\/en\/wp-json\/wp\/v2\/product_tag?post=7700"}],"curies":[{"name":"wp","href":"https:\/\/api.w.org\/{rel}","templated":true}]}}