{"id":7698,"date":"2022-09-11T15:53:09","date_gmt":"2022-09-11T20:53:09","guid":{"rendered":"https:\/\/selectosibericos.com\/?post_type=product&#038;p=7698"},"modified":"2026-01-05T18:41:29","modified_gmt":"2026-01-05T23:41:29","slug":"pata-jamon-serrano-bodega-el-chato","status":"publish","type":"product","link":"https:\/\/selectosibericos.com\/en\/product\/pata-jamon-serrano-bodega-el-chato\/","title":{"rendered":"Pata Jam\u00f3n Serrano Bodega El Chato"},"content":{"rendered":"","protected":false},"excerpt":{"rendered":"<p>Per\u00edodo de curaci\u00f3n de 9 a 11 meses. El jam\u00f3n bodega entero, es la pata trasera del cerdo de\u00a0raza blanca y alimentado con piensos naturales.<\/p>\n<p>Los jamones han sido procesados tradicionalmente a partir de la salaz\u00f3n y secado al aire en bodegas naturales. Una buena lecci\u00f3n de calidad y precio.<\/p>","protected":false},"featured_media":7699,"template":"","meta":[],"product_brand":[],"product_cat":[532],"product_tag":[],"class_list":{"0":"post-7698","1":"product","2":"type-product","3":"status-publish","4":"has-post-thumbnail","6":"product_cat-con-pata","7":"tm-no-options-pxq","9":"first","10":"instock","11":"shipping-taxable","12":"purchasable","13":"product-type-simple"},"_links":{"self":[{"href":"https:\/\/selectosibericos.com\/en\/wp-json\/wp\/v2\/product\/7698","targetHints":{"allow":["GET"]}}],"collection":[{"href":"https:\/\/selectosibericos.com\/en\/wp-json\/wp\/v2\/product"}],"about":[{"href":"https:\/\/selectosibericos.com\/en\/wp-json\/wp\/v2\/types\/product"}],"version-history":[{"count":3,"href":"https:\/\/selectosibericos.com\/en\/wp-json\/wp\/v2\/product\/7698\/revisions"}],"predecessor-version":[{"id":20973,"href":"https:\/\/selectosibericos.com\/en\/wp-json\/wp\/v2\/product\/7698\/revisions\/20973"}],"wp:featuredmedia":[{"embeddable":true,"href":"https:\/\/selectosibericos.com\/en\/wp-json\/wp\/v2\/media\/7699"}],"wp:attachment":[{"href":"https:\/\/selectosibericos.com\/en\/wp-json\/wp\/v2\/media?parent=7698"}],"wp:term":[{"taxonomy":"product_brand","embeddable":true,"href":"https:\/\/selectosibericos.com\/en\/wp-json\/wp\/v2\/product_brand?post=7698"},{"taxonomy":"product_cat","embeddable":true,"href":"https:\/\/selectosibericos.com\/en\/wp-json\/wp\/v2\/product_cat?post=7698"},{"taxonomy":"product_tag","embeddable":true,"href":"https:\/\/selectosibericos.com\/en\/wp-json\/wp\/v2\/product_tag?post=7698"}],"curies":[{"name":"wp","href":"https:\/\/api.w.org\/{rel}","templated":true}]}}