{"id":7695,"date":"2022-09-11T15:24:53","date_gmt":"2022-09-11T20:24:53","guid":{"rendered":"https:\/\/selectosibericos.com\/?post_type=product&#038;p=7695"},"modified":"2026-01-05T18:40:19","modified_gmt":"2026-01-05T23:40:19","slug":"pata-jamon-iberico-bellota-pedro-nieto","status":"publish","type":"product","link":"https:\/\/selectosibericos.com\/en\/product\/pata-jamon-iberico-bellota-pedro-nieto\/","title":{"rendered":"Pata Jam\u00f3n Ib\u00e9rico Bellota Pedro Nieto"},"content":{"rendered":"","protected":false},"excerpt":{"rendered":"<p>El jam\u00f3n ib\u00e9rico es la pieza reina por excelencia del cerdo ib\u00e9rico. Los jamones de bellota de pedro nieto es el gusto gastron\u00f3mico en su grado m\u00e1s alto. Una pieza de esta casa es un privilegio que muchos persiguen y que todos tratan de conseguir en el tiempo.<\/p>\n<p><em>La excelencia ib\u00e9rica en su m\u00e1xima expresi\u00f3n<\/em><\/p>\n<p>\u2714\u00a0<strong>48-56 meses<\/strong>\u00a0de curaci\u00f3n artesanal<br \/>\n\u2714\u00a0<strong>100% bellota<\/strong>\u00a0&#8211; cerdos criados en libertad<br \/>\n\u2714\u00a0<strong>Textura sedosa<\/strong>\u00a0y sabor intenso<\/p>\n<p><strong>\u27a1\ufe0f Vive la experiencia ib\u00e9rica premium<\/strong><\/p>","protected":false},"featured_media":7691,"template":"","meta":[],"product_brand":[],"product_cat":[532],"product_tag":[373,541,540,544],"class_list":{"0":"post-7695","1":"product","2":"type-product","3":"status-publish","4":"has-post-thumbnail","6":"product_cat-con-pata","7":"product_tag-bellota","8":"product_tag-jamon-bellota","9":"product_tag-jamon-iberico","10":"product_tag-jamon-iberico-de-bellota","11":"tm-no-options-pxq","13":"first","14":"instock","15":"shipping-taxable","16":"purchasable","17":"product-type-simple"},"_links":{"self":[{"href":"https:\/\/selectosibericos.com\/en\/wp-json\/wp\/v2\/product\/7695","targetHints":{"allow":["GET"]}}],"collection":[{"href":"https:\/\/selectosibericos.com\/en\/wp-json\/wp\/v2\/product"}],"about":[{"href":"https:\/\/selectosibericos.com\/en\/wp-json\/wp\/v2\/types\/product"}],"version-history":[{"count":3,"href":"https:\/\/selectosibericos.com\/en\/wp-json\/wp\/v2\/product\/7695\/revisions"}],"predecessor-version":[{"id":20972,"href":"https:\/\/selectosibericos.com\/en\/wp-json\/wp\/v2\/product\/7695\/revisions\/20972"}],"wp:featuredmedia":[{"embeddable":true,"href":"https:\/\/selectosibericos.com\/en\/wp-json\/wp\/v2\/media\/7691"}],"wp:attachment":[{"href":"https:\/\/selectosibericos.com\/en\/wp-json\/wp\/v2\/media?parent=7695"}],"wp:term":[{"taxonomy":"product_brand","embeddable":true,"href":"https:\/\/selectosibericos.com\/en\/wp-json\/wp\/v2\/product_brand?post=7695"},{"taxonomy":"product_cat","embeddable":true,"href":"https:\/\/selectosibericos.com\/en\/wp-json\/wp\/v2\/product_cat?post=7695"},{"taxonomy":"product_tag","embeddable":true,"href":"https:\/\/selectosibericos.com\/en\/wp-json\/wp\/v2\/product_tag?post=7695"}],"curies":[{"name":"wp","href":"https:\/\/api.w.org\/{rel}","templated":true}]}}