{"id":6511,"date":"2021-05-24T11:50:59","date_gmt":"2021-05-24T16:50:59","guid":{"rendered":"https:\/\/selectosibericos.com\/?post_type=product&#038;p=6511"},"modified":"2025-04-21T15:49:12","modified_gmt":"2025-04-21T20:49:12","slug":"sangria-meiga","status":"publish","type":"product","link":"https:\/\/selectosibericos.com\/en\/product\/sangria-meiga\/","title":{"rendered":"Sangria &#8211; Meiga"},"content":{"rendered":"","protected":false},"excerpt":{"rendered":"<p class=\"ds-markdown-paragraph\"><em>La aut\u00e9ntica fiesta espa\u00f1ola en tu copa<\/em><\/p>\n<p class=\"ds-markdown-paragraph\">Esta deliciosa sangr\u00eda lista para servir captura el esp\u00edritu alegre de Espa\u00f1a. Elaborada con una selecci\u00f3n de vinos j\u00f3venes y zumos de fruta natural, es el compa\u00f1ero perfecto para tus momentos de disfrute.<\/p>","protected":false},"featured_media":20011,"template":"","meta":[],"product_brand":[],"product_cat":[134],"product_tag":[],"class_list":{"0":"post-6511","1":"product","2":"type-product","3":"status-publish","4":"has-post-thumbnail","6":"product_cat-licor","7":"tm-no-options-pxq","9":"first","10":"instock","11":"shipping-taxable","12":"purchasable","13":"product-type-simple"},"_links":{"self":[{"href":"https:\/\/selectosibericos.com\/en\/wp-json\/wp\/v2\/product\/6511","targetHints":{"allow":["GET"]}}],"collection":[{"href":"https:\/\/selectosibericos.com\/en\/wp-json\/wp\/v2\/product"}],"about":[{"href":"https:\/\/selectosibericos.com\/en\/wp-json\/wp\/v2\/types\/product"}],"version-history":[{"count":3,"href":"https:\/\/selectosibericos.com\/en\/wp-json\/wp\/v2\/product\/6511\/revisions"}],"predecessor-version":[{"id":20014,"href":"https:\/\/selectosibericos.com\/en\/wp-json\/wp\/v2\/product\/6511\/revisions\/20014"}],"wp:featuredmedia":[{"embeddable":true,"href":"https:\/\/selectosibericos.com\/en\/wp-json\/wp\/v2\/media\/20011"}],"wp:attachment":[{"href":"https:\/\/selectosibericos.com\/en\/wp-json\/wp\/v2\/media?parent=6511"}],"wp:term":[{"taxonomy":"product_brand","embeddable":true,"href":"https:\/\/selectosibericos.com\/en\/wp-json\/wp\/v2\/product_brand?post=6511"},{"taxonomy":"product_cat","embeddable":true,"href":"https:\/\/selectosibericos.com\/en\/wp-json\/wp\/v2\/product_cat?post=6511"},{"taxonomy":"product_tag","embeddable":true,"href":"https:\/\/selectosibericos.com\/en\/wp-json\/wp\/v2\/product_tag?post=6511"}],"curies":[{"name":"wp","href":"https:\/\/api.w.org\/{rel}","templated":true}]}}