{"id":6497,"date":"2021-05-18T12:04:37","date_gmt":"2021-05-18T17:04:37","guid":{"rendered":"https:\/\/selectosibericos.com\/?post_type=product&#038;p=6497"},"modified":"2024-03-09T12:42:40","modified_gmt":"2024-03-09T17:42:40","slug":"6-und-sidra-el-gaitero-750ml","status":"publish","type":"product","link":"https:\/\/selectosibericos.com\/en\/product\/6-und-sidra-el-gaitero-750ml\/","title":{"rendered":"6 und Sidra El Gaitero 750ml"},"content":{"rendered":"","protected":false},"excerpt":{"rendered":"<p>Esta sidra se elabora por m\u00e9todos tradicionales con mezcla de manzanas apropiadas para la elaboraci\u00f3n de sidra por su riqueza arom\u00e1tica. De esta forma, obtenemos un mosto de alta calidad para, tras una fermentaci\u00f3n alcoh\u00f3lica lenta y a bajas temperaturas elaborar la sidra natural base.<\/p>\n<p>El proceso se completa con una clarificaci\u00f3n, filtraci\u00f3n, edulcoraci\u00f3n y carbonataci\u00f3n dando lugar a una sidra extra semiseca.<\/p>\n<p>Bebida alcoh\u00f3lica.<\/p>\n<p>Origen: Asturias<\/p>","protected":false},"featured_media":7674,"template":"","meta":[],"product_brand":[],"product_cat":[500,536],"product_tag":[524,476,475,292],"class_list":{"0":"post-6497","1":"product","2":"type-product","3":"status-publish","4":"has-post-thumbnail","6":"product_cat-licor-digestivo","7":"product_cat-promo-de-vinos","8":"product_tag-cider","9":"product_tag-el-gaitero","10":"product_tag-manzana","11":"product_tag-sidra","12":"tm-no-options-pxq","14":"first","15":"outofstock","16":"sale","17":"shipping-taxable","18":"purchasable","19":"product-type-simple"},"_links":{"self":[{"href":"https:\/\/selectosibericos.com\/en\/wp-json\/wp\/v2\/product\/6497","targetHints":{"allow":["GET"]}}],"collection":[{"href":"https:\/\/selectosibericos.com\/en\/wp-json\/wp\/v2\/product"}],"about":[{"href":"https:\/\/selectosibericos.com\/en\/wp-json\/wp\/v2\/types\/product"}],"version-history":[{"count":0,"href":"https:\/\/selectosibericos.com\/en\/wp-json\/wp\/v2\/product\/6497\/revisions"}],"wp:featuredmedia":[{"embeddable":true,"href":"https:\/\/selectosibericos.com\/en\/wp-json\/wp\/v2\/media\/7674"}],"wp:attachment":[{"href":"https:\/\/selectosibericos.com\/en\/wp-json\/wp\/v2\/media?parent=6497"}],"wp:term":[{"taxonomy":"product_brand","embeddable":true,"href":"https:\/\/selectosibericos.com\/en\/wp-json\/wp\/v2\/product_brand?post=6497"},{"taxonomy":"product_cat","embeddable":true,"href":"https:\/\/selectosibericos.com\/en\/wp-json\/wp\/v2\/product_cat?post=6497"},{"taxonomy":"product_tag","embeddable":true,"href":"https:\/\/selectosibericos.com\/en\/wp-json\/wp\/v2\/product_tag?post=6497"}],"curies":[{"name":"wp","href":"https:\/\/api.w.org\/{rel}","templated":true}]}}