{"id":6440,"date":"2021-04-28T13:55:18","date_gmt":"2021-04-28T18:55:18","guid":{"rendered":"https:\/\/selectosibericos.com\/?post_type=product&#038;p=6440"},"modified":"2025-05-27T16:51:04","modified_gmt":"2025-05-27T21:51:04","slug":"bocata-de-calamar","status":"publish","type":"product","link":"https:\/\/selectosibericos.com\/en\/product\/bocata-de-calamar\/","title":{"rendered":"Bocata de Calamar"},"content":{"rendered":"","protected":false},"excerpt":{"rendered":"<p>Saborea la esencia del mar con nuestro aut\u00e9ntico bocata de calamar, preparado con tiernos aros de calamar rebozados y una suave capa de mayonesa.<\/p>\n<p>Este cl\u00e1sico espa\u00f1ol se sirve en pan de masa madre hecho en nuestra panader\u00eda, capturando la frescura y el sabor del Mediterr\u00e1neo en cada bocado.<\/p>\n<p>Una verdadera delicia para los amantes de la cocina espa\u00f1ola.<\/p>","protected":false},"featured_media":8514,"template":"","meta":[],"product_brand":[],"product_cat":[490,642],"product_tag":[],"class_list":{"0":"post-6440","1":"product","2":"type-product","3":"status-publish","4":"has-post-thumbnail","6":"product_cat-bocatas","7":"product_cat-calientes-bocatas","8":"tm-no-options-pxq","10":"first","11":"instock","12":"shipping-taxable","13":"purchasable","14":"product-type-simple"},"_links":{"self":[{"href":"https:\/\/selectosibericos.com\/en\/wp-json\/wp\/v2\/product\/6440","targetHints":{"allow":["GET"]}}],"collection":[{"href":"https:\/\/selectosibericos.com\/en\/wp-json\/wp\/v2\/product"}],"about":[{"href":"https:\/\/selectosibericos.com\/en\/wp-json\/wp\/v2\/types\/product"}],"version-history":[{"count":1,"href":"https:\/\/selectosibericos.com\/en\/wp-json\/wp\/v2\/product\/6440\/revisions"}],"predecessor-version":[{"id":17915,"href":"https:\/\/selectosibericos.com\/en\/wp-json\/wp\/v2\/product\/6440\/revisions\/17915"}],"wp:featuredmedia":[{"embeddable":true,"href":"https:\/\/selectosibericos.com\/en\/wp-json\/wp\/v2\/media\/8514"}],"wp:attachment":[{"href":"https:\/\/selectosibericos.com\/en\/wp-json\/wp\/v2\/media?parent=6440"}],"wp:term":[{"taxonomy":"product_brand","embeddable":true,"href":"https:\/\/selectosibericos.com\/en\/wp-json\/wp\/v2\/product_brand?post=6440"},{"taxonomy":"product_cat","embeddable":true,"href":"https:\/\/selectosibericos.com\/en\/wp-json\/wp\/v2\/product_cat?post=6440"},{"taxonomy":"product_tag","embeddable":true,"href":"https:\/\/selectosibericos.com\/en\/wp-json\/wp\/v2\/product_tag?post=6440"}],"curies":[{"name":"wp","href":"https:\/\/api.w.org\/{rel}","templated":true}]}}