{"id":6366,"date":"2021-04-08T13:49:57","date_gmt":"2021-04-08T18:49:57","guid":{"rendered":"https:\/\/selectosibericos.com\/?post_type=product&#038;p=6366"},"modified":"2025-05-31T14:05:42","modified_gmt":"2025-05-31T19:05:42","slug":"vino-el-pulpo-blanco","status":"publish","type":"product","link":"https:\/\/selectosibericos.com\/en\/product\/vino-el-pulpo-blanco\/","title":{"rendered":"Vino El Pulpo &#8211; Blanco"},"content":{"rendered":"","protected":false},"excerpt":{"rendered":"<p><strong>El maridaje perfecto en cada copa<\/strong><\/p>\n<p><em>El Pulpo<\/em>\u00a0es un vino blanco fresco y vers\u00e1til, creado para acompa\u00f1ar los sabores m\u00e1s delicados. Con un perfil equilibrado y una vivacidad que recuerda a la brisa marina, este vino es el compa\u00f1ero ideal para platos ligeros, donde su frescura y sutileza brillan.<\/p>","protected":false},"featured_media":19908,"template":"","meta":[],"product_brand":[],"product_cat":[566,534],"product_tag":[287],"class_list":{"0":"post-6366","1":"product","2":"type-product","3":"status-publish","4":"has-post-thumbnail","6":"product_cat-vinos","7":"product_cat-vino-blanco","8":"product_tag-vino-blanco","9":"tm-no-options-pxq","11":"first","12":"instock","13":"shipping-taxable","14":"purchasable","15":"product-type-simple"},"_links":{"self":[{"href":"https:\/\/selectosibericos.com\/en\/wp-json\/wp\/v2\/product\/6366","targetHints":{"allow":["GET"]}}],"collection":[{"href":"https:\/\/selectosibericos.com\/en\/wp-json\/wp\/v2\/product"}],"about":[{"href":"https:\/\/selectosibericos.com\/en\/wp-json\/wp\/v2\/types\/product"}],"version-history":[{"count":2,"href":"https:\/\/selectosibericos.com\/en\/wp-json\/wp\/v2\/product\/6366\/revisions"}],"predecessor-version":[{"id":19914,"href":"https:\/\/selectosibericos.com\/en\/wp-json\/wp\/v2\/product\/6366\/revisions\/19914"}],"wp:featuredmedia":[{"embeddable":true,"href":"https:\/\/selectosibericos.com\/en\/wp-json\/wp\/v2\/media\/19908"}],"wp:attachment":[{"href":"https:\/\/selectosibericos.com\/en\/wp-json\/wp\/v2\/media?parent=6366"}],"wp:term":[{"taxonomy":"product_brand","embeddable":true,"href":"https:\/\/selectosibericos.com\/en\/wp-json\/wp\/v2\/product_brand?post=6366"},{"taxonomy":"product_cat","embeddable":true,"href":"https:\/\/selectosibericos.com\/en\/wp-json\/wp\/v2\/product_cat?post=6366"},{"taxonomy":"product_tag","embeddable":true,"href":"https:\/\/selectosibericos.com\/en\/wp-json\/wp\/v2\/product_tag?post=6366"}],"curies":[{"name":"wp","href":"https:\/\/api.w.org\/{rel}","templated":true}]}}