{"id":5866,"date":"2021-02-02T16:38:51","date_gmt":"2021-02-02T21:38:51","guid":{"rendered":"https:\/\/selectosibericos.com\/?post_type=product&#038;p=5866"},"modified":"2024-11-05T11:10:39","modified_gmt":"2024-11-05T16:10:39","slug":"tabla-mixta-jamon-serrano-bodega-y-queso-semicurado-presentacion-de-regalo","status":"publish","type":"product","link":"https:\/\/selectosibericos.com\/en\/product\/tabla-mixta-jamon-serrano-bodega-y-queso-semicurado-presentacion-de-regalo\/","title":{"rendered":"Tabla Mixta Jam\u00f3n Ib\u00e9rico y Queso Semicurado &#8211; Presentaci\u00f3n de Regalo"},"content":{"rendered":"","protected":false},"excerpt":{"rendered":"<p>Tabla mixta de jam\u00f3n ib\u00e9rico marcial y queso semicurado en una tablita de cartoncillo empacada al vac\u00edo, con un sobre que le otorga una excelente presentaci\u00f3n para regalar a un ser querido!<\/p>\n<ul>\n<li>Incluye 1 tarjeta de Felicidades.<\/li>\n<\/ul>","protected":false},"featured_media":5868,"template":"","meta":[],"product_brand":[],"product_cat":[491],"product_tag":[],"class_list":{"0":"post-5866","1":"product","2":"type-product","3":"status-publish","4":"has-post-thumbnail","6":"product_cat-regalos","7":"tm-no-options-pxq","9":"first","10":"instock","11":"shipping-taxable","12":"purchasable","13":"product-type-simple"},"_links":{"self":[{"href":"https:\/\/selectosibericos.com\/en\/wp-json\/wp\/v2\/product\/5866","targetHints":{"allow":["GET"]}}],"collection":[{"href":"https:\/\/selectosibericos.com\/en\/wp-json\/wp\/v2\/product"}],"about":[{"href":"https:\/\/selectosibericos.com\/en\/wp-json\/wp\/v2\/types\/product"}],"version-history":[{"count":2,"href":"https:\/\/selectosibericos.com\/en\/wp-json\/wp\/v2\/product\/5866\/revisions"}],"predecessor-version":[{"id":18844,"href":"https:\/\/selectosibericos.com\/en\/wp-json\/wp\/v2\/product\/5866\/revisions\/18844"}],"wp:featuredmedia":[{"embeddable":true,"href":"https:\/\/selectosibericos.com\/en\/wp-json\/wp\/v2\/media\/5868"}],"wp:attachment":[{"href":"https:\/\/selectosibericos.com\/en\/wp-json\/wp\/v2\/media?parent=5866"}],"wp:term":[{"taxonomy":"product_brand","embeddable":true,"href":"https:\/\/selectosibericos.com\/en\/wp-json\/wp\/v2\/product_brand?post=5866"},{"taxonomy":"product_cat","embeddable":true,"href":"https:\/\/selectosibericos.com\/en\/wp-json\/wp\/v2\/product_cat?post=5866"},{"taxonomy":"product_tag","embeddable":true,"href":"https:\/\/selectosibericos.com\/en\/wp-json\/wp\/v2\/product_tag?post=5866"}],"curies":[{"name":"wp","href":"https:\/\/api.w.org\/{rel}","templated":true}]}}