{"id":5751,"date":"2021-01-23T20:25:30","date_gmt":"2021-01-24T01:25:30","guid":{"rendered":"https:\/\/selectosibericos.com\/?post_type=product&#038;p=5751"},"modified":"2024-10-04T11:36:06","modified_gmt":"2024-10-04T16:36:06","slug":"habla-n17","status":"publish","type":"product","link":"https:\/\/selectosibericos.com\/en\/product\/habla-n17\/","title":{"rendered":"Speaks N \u00b0 17"},"content":{"rendered":"<p><strong>Color.<\/strong> Burdeos de gran luminosidad que refleja una profundidad muy marcada. En la copa se presenta vivaz con alta capa.<\/p>\n<p><strong>Aroma.<\/strong> Habla N\u00ba17 presenta una compleja expresi\u00f3n arom\u00e1tica en la que predomina un car\u00e1cter bals\u00e1mico con recuerdos a hierbabuena. Intenso aroma a frutos rojos como la guinda o la cereza. Resulta embriagador, con elegantes notas de heno y caza.<\/p>\n<p><strong>Boca.<\/strong> la entrada en boca es amable, evolucionando suavemente gracias a unos taninos finos y una textura muy delicada. Envuelve el paladar con una frescura sorprendente. Final largo y persistente.<\/p>","protected":false},"excerpt":{"rendered":"<p>Un vino elegante y fresco a la vez. Sin duda una invitaci\u00f3n al disfrute de los sentidos.<\/p>\n<p>Vino Tinto crianza<br \/>\n<strong>Graduaci\u00f3n Alcoh\u00f3lica:<\/strong> 14,5%<br \/>\n<strong>Variedad de Uva:<\/strong> Cabernet franc, Cabernet sauvignon y Petit verdot<br \/>\n<strong>Tiempo de Crianza:<\/strong> 12 meses<br \/>\n<strong>Barrica:<\/strong> Roble franc\u00e9s<\/p>","protected":false},"featured_media":5741,"template":"","meta":[],"product_brand":[],"product_cat":[134,533],"product_tag":[],"class_list":{"0":"post-5751","1":"product","2":"type-product","3":"status-publish","4":"has-post-thumbnail","6":"product_cat-licor","7":"product_cat-vinos-tintos","8":"tm-no-options-pxq","10":"first","11":"outofstock","12":"shipping-taxable","13":"purchasable","14":"product-type-simple"},"_links":{"self":[{"href":"https:\/\/selectosibericos.com\/en\/wp-json\/wp\/v2\/product\/5751","targetHints":{"allow":["GET"]}}],"collection":[{"href":"https:\/\/selectosibericos.com\/en\/wp-json\/wp\/v2\/product"}],"about":[{"href":"https:\/\/selectosibericos.com\/en\/wp-json\/wp\/v2\/types\/product"}],"version-history":[{"count":1,"href":"https:\/\/selectosibericos.com\/en\/wp-json\/wp\/v2\/product\/5751\/revisions"}],"predecessor-version":[{"id":18551,"href":"https:\/\/selectosibericos.com\/en\/wp-json\/wp\/v2\/product\/5751\/revisions\/18551"}],"wp:featuredmedia":[{"embeddable":true,"href":"https:\/\/selectosibericos.com\/en\/wp-json\/wp\/v2\/media\/5741"}],"wp:attachment":[{"href":"https:\/\/selectosibericos.com\/en\/wp-json\/wp\/v2\/media?parent=5751"}],"wp:term":[{"taxonomy":"product_brand","embeddable":true,"href":"https:\/\/selectosibericos.com\/en\/wp-json\/wp\/v2\/product_brand?post=5751"},{"taxonomy":"product_cat","embeddable":true,"href":"https:\/\/selectosibericos.com\/en\/wp-json\/wp\/v2\/product_cat?post=5751"},{"taxonomy":"product_tag","embeddable":true,"href":"https:\/\/selectosibericos.com\/en\/wp-json\/wp\/v2\/product_tag?post=5751"}],"curies":[{"name":"wp","href":"https:\/\/api.w.org\/{rel}","templated":true}]}}