{"id":5739,"date":"2021-01-23T19:35:54","date_gmt":"2021-01-24T00:35:54","guid":{"rendered":"https:\/\/selectosibericos.com\/?post_type=product&#038;p=5739"},"modified":"2024-10-04T11:36:45","modified_gmt":"2024-10-04T16:36:45","slug":"habla-duende-blanco","status":"publish","type":"product","link":"https:\/\/selectosibericos.com\/en\/product\/habla-duende-blanco\/","title":{"rendered":"Goblin Speaks - White"},"content":{"rendered":"<p>Brillante y muy luminoso amarillo pajizo, con destellos verdes.<br \/>\nExquisita mezcla de arom\u00e1tica. A copa parada destacan c\u00edtricos (lim\u00f3n maduro) y delicados aromas florales de tilo, que dan paso, al airearse, a notas ahumadas y de pizarra.<br \/>\nMaravillosa tensi\u00f3n en boca entre su mineralidad y frescura.<\/p>","protected":false},"excerpt":{"rendered":"<div class=\"pure-u-1 pure-u-md-1-2 pure-u-lg-1-3 paddel\"><strong>Variedad de Uva:<\/strong> 100% Sauvignon Blanc<\/div>\n<div class=\"pure-u-1 pure-u-md-1-2 pure-u-lg-1-3 paddel\"><strong>Tipo de barrica:<\/strong>\u00a0Barricas de roble franc\u00e9s<\/div>\n<div class=\"pure-u-1 pure-u-md-1-2 pure-u-lg-1-3 paddel\"><strong>Permanencia en Barrica:<\/strong>\u00a09 meses<\/div>\n<div class=\"pure-u-1 pure-u-md-1-2 pure-u-lg-1-3 paddel\"><strong>Capacidad (cl):<\/strong>\u00a075<\/div>\n<div class=\"pure-u-1 pure-u-md-1-2 pure-u-lg-1-3 paddel\"><strong>Servicio:<\/strong>\u00a0Degustar a una temperatura entre 7 y 9 \u00baC<\/div>\n<div class=\"pure-u-1 pure-u-md-1-2 pure-u-lg-1-3 paddel\"><strong>Graduaci\u00f3n (% vol.):<\/strong>\u00a014<\/div>","protected":false},"featured_media":5745,"template":"","meta":[],"product_brand":[],"product_cat":[134,534],"product_tag":[],"class_list":{"0":"post-5739","1":"product","2":"type-product","3":"status-publish","4":"has-post-thumbnail","6":"product_cat-licor","7":"product_cat-vino-blanco","8":"tm-no-options-pxq","10":"first","11":"outofstock","12":"shipping-taxable","13":"purchasable","14":"product-type-simple"},"_links":{"self":[{"href":"https:\/\/selectosibericos.com\/en\/wp-json\/wp\/v2\/product\/5739","targetHints":{"allow":["GET"]}}],"collection":[{"href":"https:\/\/selectosibericos.com\/en\/wp-json\/wp\/v2\/product"}],"about":[{"href":"https:\/\/selectosibericos.com\/en\/wp-json\/wp\/v2\/types\/product"}],"version-history":[{"count":1,"href":"https:\/\/selectosibericos.com\/en\/wp-json\/wp\/v2\/product\/5739\/revisions"}],"predecessor-version":[{"id":18554,"href":"https:\/\/selectosibericos.com\/en\/wp-json\/wp\/v2\/product\/5739\/revisions\/18554"}],"wp:featuredmedia":[{"embeddable":true,"href":"https:\/\/selectosibericos.com\/en\/wp-json\/wp\/v2\/media\/5745"}],"wp:attachment":[{"href":"https:\/\/selectosibericos.com\/en\/wp-json\/wp\/v2\/media?parent=5739"}],"wp:term":[{"taxonomy":"product_brand","embeddable":true,"href":"https:\/\/selectosibericos.com\/en\/wp-json\/wp\/v2\/product_brand?post=5739"},{"taxonomy":"product_cat","embeddable":true,"href":"https:\/\/selectosibericos.com\/en\/wp-json\/wp\/v2\/product_cat?post=5739"},{"taxonomy":"product_tag","embeddable":true,"href":"https:\/\/selectosibericos.com\/en\/wp-json\/wp\/v2\/product_tag?post=5739"}],"curies":[{"name":"wp","href":"https:\/\/api.w.org\/{rel}","templated":true}]}}