{"id":5724,"date":"2021-01-20T20:39:28","date_gmt":"2021-01-21T01:39:28","guid":{"rendered":"https:\/\/selectosibericos.com\/?post_type=product&#038;p=5724"},"modified":"2025-04-16T17:17:35","modified_gmt":"2025-04-16T22:17:35","slug":"vino-vina-valoria-joven-tinto","status":"publish","type":"product","link":"https:\/\/selectosibericos.com\/en\/product\/vino-vina-valoria-joven-tinto\/","title":{"rendered":"Vi\u00f1a Valoria Joven Wine - Red"},"content":{"rendered":"","protected":false},"excerpt":{"rendered":"<p>Seleccionado de vi\u00f1edos privilegiados de Rioja, este vino 100% Tempranillo captura la elegancia cl\u00e1sica de la regi\u00f3n.<\/p>\n<p>Con un meticuloso proceso de fermentaci\u00f3n tradicional y crianza en acero inoxidable, preserva toda la frescura y expresi\u00f3n frutal de la uva.<\/p>","protected":false},"featured_media":19986,"template":"","meta":[],"product_brand":[],"product_cat":[566,533],"product_tag":[754,411,293,816,283],"class_list":{"0":"post-5724","1":"product","2":"type-product","3":"status-publish","4":"has-post-thumbnail","6":"product_cat-vinos","7":"product_cat-vinos-tintos","8":"product_tag-rioja","9":"product_tag-tempranillo","10":"product_tag-tinto","11":"product_tag-vina","12":"product_tag-vino-tinto","13":"tm-no-options-pxq","15":"first","16":"instock","17":"shipping-taxable","18":"purchasable","19":"product-type-simple"},"_links":{"self":[{"href":"https:\/\/selectosibericos.com\/en\/wp-json\/wp\/v2\/product\/5724","targetHints":{"allow":["GET"]}}],"collection":[{"href":"https:\/\/selectosibericos.com\/en\/wp-json\/wp\/v2\/product"}],"about":[{"href":"https:\/\/selectosibericos.com\/en\/wp-json\/wp\/v2\/types\/product"}],"version-history":[{"count":2,"href":"https:\/\/selectosibericos.com\/en\/wp-json\/wp\/v2\/product\/5724\/revisions"}],"predecessor-version":[{"id":19987,"href":"https:\/\/selectosibericos.com\/en\/wp-json\/wp\/v2\/product\/5724\/revisions\/19987"}],"wp:featuredmedia":[{"embeddable":true,"href":"https:\/\/selectosibericos.com\/en\/wp-json\/wp\/v2\/media\/19986"}],"wp:attachment":[{"href":"https:\/\/selectosibericos.com\/en\/wp-json\/wp\/v2\/media?parent=5724"}],"wp:term":[{"taxonomy":"product_brand","embeddable":true,"href":"https:\/\/selectosibericos.com\/en\/wp-json\/wp\/v2\/product_brand?post=5724"},{"taxonomy":"product_cat","embeddable":true,"href":"https:\/\/selectosibericos.com\/en\/wp-json\/wp\/v2\/product_cat?post=5724"},{"taxonomy":"product_tag","embeddable":true,"href":"https:\/\/selectosibericos.com\/en\/wp-json\/wp\/v2\/product_tag?post=5724"}],"curies":[{"name":"wp","href":"https:\/\/api.w.org\/{rel}","templated":true}]}}