{"id":5693,"date":"2021-01-12T17:53:06","date_gmt":"2021-01-12T22:53:06","guid":{"rendered":"https:\/\/selectosibericos.com\/?post_type=product&#038;p=5693"},"modified":"2025-05-28T11:15:21","modified_gmt":"2025-05-28T16:15:21","slug":"bocata-jamon-serrano-reserva","status":"publish","type":"product","link":"https:\/\/selectosibericos.com\/en\/product\/bocata-jamon-serrano-reserva\/","title":{"rendered":"Bocata de Jam\u00f3n Serrano Reserva"},"content":{"rendered":"","protected":false},"excerpt":{"rendered":"<p>Nuestro jam\u00f3n serrano reserva se destaca por su curaci\u00f3n prolongada, otorg\u00e1ndole un sabor m\u00e1s profundo y una textura suave.<\/p>\n<p>Este bocata se sirve en nuestro pan de masa madre artesanal, untado con aceite de oliva virgen extra y tomaca, ofreciendo una experiencia gastron\u00f3mica irresistible.<\/p>","protected":false},"featured_media":8512,"template":"","meta":[],"product_brand":[],"product_cat":[490,639],"product_tag":[],"class_list":{"0":"post-5693","1":"product","2":"type-product","3":"status-publish","4":"has-post-thumbnail","6":"product_cat-bocatas","7":"product_cat-jamon","8":"tm-has-options","10":"first","11":"instock","12":"shipping-taxable","13":"purchasable","14":"product-type-simple"},"_links":{"self":[{"href":"https:\/\/selectosibericos.com\/en\/wp-json\/wp\/v2\/product\/5693","targetHints":{"allow":["GET"]}}],"collection":[{"href":"https:\/\/selectosibericos.com\/en\/wp-json\/wp\/v2\/product"}],"about":[{"href":"https:\/\/selectosibericos.com\/en\/wp-json\/wp\/v2\/types\/product"}],"version-history":[{"count":2,"href":"https:\/\/selectosibericos.com\/en\/wp-json\/wp\/v2\/product\/5693\/revisions"}],"predecessor-version":[{"id":17928,"href":"https:\/\/selectosibericos.com\/en\/wp-json\/wp\/v2\/product\/5693\/revisions\/17928"}],"wp:featuredmedia":[{"embeddable":true,"href":"https:\/\/selectosibericos.com\/en\/wp-json\/wp\/v2\/media\/8512"}],"wp:attachment":[{"href":"https:\/\/selectosibericos.com\/en\/wp-json\/wp\/v2\/media?parent=5693"}],"wp:term":[{"taxonomy":"product_brand","embeddable":true,"href":"https:\/\/selectosibericos.com\/en\/wp-json\/wp\/v2\/product_brand?post=5693"},{"taxonomy":"product_cat","embeddable":true,"href":"https:\/\/selectosibericos.com\/en\/wp-json\/wp\/v2\/product_cat?post=5693"},{"taxonomy":"product_tag","embeddable":true,"href":"https:\/\/selectosibericos.com\/en\/wp-json\/wp\/v2\/product_tag?post=5693"}],"curies":[{"name":"wp","href":"https:\/\/api.w.org\/{rel}","templated":true}]}}