{"id":5360,"date":"2020-06-22T18:23:53","date_gmt":"2020-06-22T23:23:53","guid":{"rendered":"https:\/\/ibericosyperu.com\/?post_type=product&#038;p=5360"},"modified":"2024-07-06T19:23:36","modified_gmt":"2024-07-07T00:23:36","slug":"sidra-el-gaitero-330ml","status":"publish","type":"product","link":"https:\/\/selectosibericos.com\/en\/product\/sidra-el-gaitero-330ml\/","title":{"rendered":"Cider El Gaitero 330ml"},"content":{"rendered":"","protected":false},"excerpt":{"rendered":"<p>Esta sidra extra se elabora por m\u00e9todos tradicionales con mezcla de variedades de manzana (dulces, acidas y amargas) adecuadas para la elaboraci\u00f3n de sidra por su riqueza arom\u00e1tica.<\/p>\n<p>Bebida alcoh\u00f3lica.<\/p>","protected":false},"featured_media":5541,"template":"","meta":[],"product_brand":[],"product_cat":[500],"product_tag":[476,475,292],"class_list":{"0":"post-5360","1":"product","2":"type-product","3":"status-publish","4":"has-post-thumbnail","6":"product_cat-licor-digestivo","7":"product_tag-el-gaitero","8":"product_tag-manzana","9":"product_tag-sidra","10":"tm-no-options-pxq","12":"first","13":"outofstock","14":"shipping-taxable","15":"purchasable","16":"product-type-simple"},"_links":{"self":[{"href":"https:\/\/selectosibericos.com\/en\/wp-json\/wp\/v2\/product\/5360","targetHints":{"allow":["GET"]}}],"collection":[{"href":"https:\/\/selectosibericos.com\/en\/wp-json\/wp\/v2\/product"}],"about":[{"href":"https:\/\/selectosibericos.com\/en\/wp-json\/wp\/v2\/types\/product"}],"version-history":[{"count":0,"href":"https:\/\/selectosibericos.com\/en\/wp-json\/wp\/v2\/product\/5360\/revisions"}],"wp:featuredmedia":[{"embeddable":true,"href":"https:\/\/selectosibericos.com\/en\/wp-json\/wp\/v2\/media\/5541"}],"wp:attachment":[{"href":"https:\/\/selectosibericos.com\/en\/wp-json\/wp\/v2\/media?parent=5360"}],"wp:term":[{"taxonomy":"product_brand","embeddable":true,"href":"https:\/\/selectosibericos.com\/en\/wp-json\/wp\/v2\/product_brand?post=5360"},{"taxonomy":"product_cat","embeddable":true,"href":"https:\/\/selectosibericos.com\/en\/wp-json\/wp\/v2\/product_cat?post=5360"},{"taxonomy":"product_tag","embeddable":true,"href":"https:\/\/selectosibericos.com\/en\/wp-json\/wp\/v2\/product_tag?post=5360"}],"curies":[{"name":"wp","href":"https:\/\/api.w.org\/{rel}","templated":true}]}}