{"id":5305,"date":"2020-06-15T17:13:10","date_gmt":"2020-06-15T22:13:10","guid":{"rendered":"https:\/\/ibericosyperu.com\/?post_type=product&#038;p=5305"},"modified":"2025-05-31T14:59:00","modified_gmt":"2025-05-31T19:59:00","slug":"bocata-lomo-iberico","status":"publish","type":"product","link":"https:\/\/selectosibericos.com\/en\/product\/bocata-lomo-iberico\/","title":{"rendered":"Bocata de Lomo Ib\u00e9rico"},"content":{"rendered":"","protected":false},"excerpt":{"rendered":"<p>Descubre el sabor aut\u00e9ntico de Espa\u00f1a con nuestro bocata de lomo ib\u00e9rico.<\/p>\n<p>El lomo ib\u00e9rico, conocido por su sabor delicado y textura suave, se sirve en pan de masa madre hecho en nuestra panader\u00eda. Con un toque de aceite de oliva virgen extra, este bocata es una verdadera expresi\u00f3n de la tradici\u00f3n ib\u00e9rica.<\/p>","protected":false},"featured_media":8513,"template":"","meta":[],"product_brand":[],"product_cat":[490,641],"product_tag":[440,464,462,463],"class_list":{"0":"post-5305","1":"product","2":"type-product","3":"status-publish","4":"has-post-thumbnail","6":"product_cat-bocatas","7":"product_cat-de-embutidos","8":"product_tag-bocata","9":"product_tag-embutidoiberio","10":"product_tag-lomo","11":"product_tag-lomoiberico","12":"tm-has-options","14":"first","15":"instock","16":"shipping-taxable","17":"purchasable","18":"product-type-simple"},"_links":{"self":[{"href":"https:\/\/selectosibericos.com\/en\/wp-json\/wp\/v2\/product\/5305","targetHints":{"allow":["GET"]}}],"collection":[{"href":"https:\/\/selectosibericos.com\/en\/wp-json\/wp\/v2\/product"}],"about":[{"href":"https:\/\/selectosibericos.com\/en\/wp-json\/wp\/v2\/types\/product"}],"version-history":[{"count":2,"href":"https:\/\/selectosibericos.com\/en\/wp-json\/wp\/v2\/product\/5305\/revisions"}],"predecessor-version":[{"id":17930,"href":"https:\/\/selectosibericos.com\/en\/wp-json\/wp\/v2\/product\/5305\/revisions\/17930"}],"wp:featuredmedia":[{"embeddable":true,"href":"https:\/\/selectosibericos.com\/en\/wp-json\/wp\/v2\/media\/8513"}],"wp:attachment":[{"href":"https:\/\/selectosibericos.com\/en\/wp-json\/wp\/v2\/media?parent=5305"}],"wp:term":[{"taxonomy":"product_brand","embeddable":true,"href":"https:\/\/selectosibericos.com\/en\/wp-json\/wp\/v2\/product_brand?post=5305"},{"taxonomy":"product_cat","embeddable":true,"href":"https:\/\/selectosibericos.com\/en\/wp-json\/wp\/v2\/product_cat?post=5305"},{"taxonomy":"product_tag","embeddable":true,"href":"https:\/\/selectosibericos.com\/en\/wp-json\/wp\/v2\/product_tag?post=5305"}],"curies":[{"name":"wp","href":"https:\/\/api.w.org\/{rel}","templated":true}]}}