{"id":4627,"date":"2019-07-01T18:59:27","date_gmt":"2019-07-01T23:59:27","guid":{"rendered":"https:\/\/ibericosyperu.com\/?post_type=product&#038;p=4627"},"modified":"2025-04-19T10:13:01","modified_gmt":"2025-04-19T15:13:01","slug":"4627","status":"publish","type":"product","link":"https:\/\/selectosibericos.com\/en\/product\/4627\/","title":{"rendered":"Buche Wine - Red"},"content":{"rendered":"<p><strong>Bodega<\/strong>: Bodegas de Occidente<\/p>\n<p><strong>Variedad de Uv<\/strong>a: Tempranillo<\/p>\n<p><strong>Denominaci\u00f3n de Origen<\/strong>: Vino de la tierra de extremadura<\/p>","protected":false},"excerpt":{"rendered":"<p>Elaborado por\u00a0<strong>Bodegas de Occidente<\/strong>\u00a0con uvas\u00a0<strong>100% Tempranillo<\/strong> de los vi\u00f1edos extreme\u00f1os, este vino captura el car\u00e1cter \u00fanico de esta tierra de contrastes.<\/p>\n<p>Joven y vibrante, despliega aromas de\u00a0<strong>frutas rojas frescas<\/strong>\u00a0(fresas, cerezas) y un toque de\u00a0<strong>hierbas arom\u00e1ticas<\/strong> t\u00edpicas del monte mediterr\u00e1neo.<\/p>\n<p>En boca es\u00a0<strong>jugoso y directo<\/strong>, con taninos suaves y una acidez refrescante que lo hacen perfecto para el consumo inmediato.<\/p>","protected":false},"featured_media":19996,"template":"","meta":[],"product_brand":[],"product_cat":[134,533],"product_tag":[282,290],"class_list":{"0":"post-4627","1":"product","2":"type-product","3":"status-publish","4":"has-post-thumbnail","6":"product_cat-licor","7":"product_cat-vinos-tintos","8":"product_tag-vino","9":"product_tag-vinotinto","10":"tm-no-options-pxq","12":"first","13":"instock","14":"shipping-taxable","15":"purchasable","16":"product-type-simple"},"_links":{"self":[{"href":"https:\/\/selectosibericos.com\/en\/wp-json\/wp\/v2\/product\/4627","targetHints":{"allow":["GET"]}}],"collection":[{"href":"https:\/\/selectosibericos.com\/en\/wp-json\/wp\/v2\/product"}],"about":[{"href":"https:\/\/selectosibericos.com\/en\/wp-json\/wp\/v2\/types\/product"}],"version-history":[{"count":3,"href":"https:\/\/selectosibericos.com\/en\/wp-json\/wp\/v2\/product\/4627\/revisions"}],"predecessor-version":[{"id":19998,"href":"https:\/\/selectosibericos.com\/en\/wp-json\/wp\/v2\/product\/4627\/revisions\/19998"}],"wp:featuredmedia":[{"embeddable":true,"href":"https:\/\/selectosibericos.com\/en\/wp-json\/wp\/v2\/media\/19996"}],"wp:attachment":[{"href":"https:\/\/selectosibericos.com\/en\/wp-json\/wp\/v2\/media?parent=4627"}],"wp:term":[{"taxonomy":"product_brand","embeddable":true,"href":"https:\/\/selectosibericos.com\/en\/wp-json\/wp\/v2\/product_brand?post=4627"},{"taxonomy":"product_cat","embeddable":true,"href":"https:\/\/selectosibericos.com\/en\/wp-json\/wp\/v2\/product_cat?post=4627"},{"taxonomy":"product_tag","embeddable":true,"href":"https:\/\/selectosibericos.com\/en\/wp-json\/wp\/v2\/product_tag?post=4627"}],"curies":[{"name":"wp","href":"https:\/\/api.w.org\/{rel}","templated":true}]}}