{"id":4613,"date":"2019-07-01T17:23:09","date_gmt":"2019-07-01T22:23:09","guid":{"rendered":"https:\/\/ibericosyperu.com\/?post_type=product&#038;p=4613"},"modified":"2025-11-17T02:20:23","modified_gmt":"2025-11-17T07:20:23","slug":"vino-sarmental-reserva-tinto","status":"publish","type":"product","link":"https:\/\/selectosibericos.com\/en\/product\/vino-sarmental-reserva-tinto\/","title":{"rendered":"Vino Sarmental Reserva Tinto"},"content":{"rendered":"<p><strong>Bodega<\/strong>: Bodega viyuela<\/p>\n<p><strong>Variedad de Uv<\/strong>a: Tempranillo<\/p>\n<p><strong>Denominaci\u00f3n de Origen: <\/strong>Ribera del duero<\/p>","protected":false},"excerpt":{"rendered":"<p>Elaborado por\u00a0<strong>Bodega Viyuela<\/strong>\u00a0con uvas\u00a0<strong>100% Tempranillo<\/strong>\u00a0seleccionadas de los mejores vi\u00f1edos de\u00a0<strong>Ribera del Duero<\/strong>, este reserva representa lo m\u00e1s alto de la tradici\u00f3n vitivin\u00edcola espa\u00f1ola.<\/p>\n<p>Con un prolongado envejecimiento que supera los requisitos de la D.O., desarrolla una complejidad excepcional donde se armonizan la potencia del terru\u00f1o y la elegancia de la crianza.<\/p>","protected":false},"featured_media":20767,"template":"","meta":[],"product_brand":[],"product_cat":[901,134,533],"product_tag":[282,351,290],"class_list":{"0":"post-4613","1":"product","2":"type-product","3":"status-publish","4":"has-post-thumbnail","6":"product_cat-castilla-y-leon","7":"product_cat-licor","8":"product_cat-vinos-tintos","9":"product_tag-vino","10":"product_tag-vinoreserva","11":"product_tag-vinotinto","12":"tm-no-options-pxq","14":"first","15":"instock","16":"shipping-taxable","17":"purchasable","18":"product-type-simple"},"_links":{"self":[{"href":"https:\/\/selectosibericos.com\/en\/wp-json\/wp\/v2\/product\/4613","targetHints":{"allow":["GET"]}}],"collection":[{"href":"https:\/\/selectosibericos.com\/en\/wp-json\/wp\/v2\/product"}],"about":[{"href":"https:\/\/selectosibericos.com\/en\/wp-json\/wp\/v2\/types\/product"}],"version-history":[{"count":3,"href":"https:\/\/selectosibericos.com\/en\/wp-json\/wp\/v2\/product\/4613\/revisions"}],"predecessor-version":[{"id":20773,"href":"https:\/\/selectosibericos.com\/en\/wp-json\/wp\/v2\/product\/4613\/revisions\/20773"}],"wp:featuredmedia":[{"embeddable":true,"href":"https:\/\/selectosibericos.com\/en\/wp-json\/wp\/v2\/media\/20767"}],"wp:attachment":[{"href":"https:\/\/selectosibericos.com\/en\/wp-json\/wp\/v2\/media?parent=4613"}],"wp:term":[{"taxonomy":"product_brand","embeddable":true,"href":"https:\/\/selectosibericos.com\/en\/wp-json\/wp\/v2\/product_brand?post=4613"},{"taxonomy":"product_cat","embeddable":true,"href":"https:\/\/selectosibericos.com\/en\/wp-json\/wp\/v2\/product_cat?post=4613"},{"taxonomy":"product_tag","embeddable":true,"href":"https:\/\/selectosibericos.com\/en\/wp-json\/wp\/v2\/product_tag?post=4613"}],"curies":[{"name":"wp","href":"https:\/\/api.w.org\/{rel}","templated":true}]}}