{"id":4607,"date":"2019-07-01T17:09:47","date_gmt":"2019-07-01T22:09:47","guid":{"rendered":"https:\/\/ibericosyperu.com\/?post_type=product&#038;p=4607"},"modified":"2025-05-31T14:12:32","modified_gmt":"2025-05-31T19:12:32","slug":"vino-senorio-de-oran-blanco","status":"publish","type":"product","link":"https:\/\/selectosibericos.com\/en\/product\/vino-senorio-de-oran-blanco\/","title":{"rendered":"Se\u00f1or\u00edo de Oran Wine - White"},"content":{"rendered":"<p>Denominaci\u00f3n de Origen: Ribera del Guadiana<\/p>\n<p>Varieda de Uva: Pardina<\/p>\n<p>Bodega: Bodegas de Or\u00e1n<\/p>","protected":false},"excerpt":{"rendered":"<p>Denominaci\u00f3n de Origen: Ribera del Guadiana Varieda de Uva: Pardina Bodega: Bodegas de Or\u00e1n<\/p>","protected":false},"featured_media":19921,"template":"","meta":[],"product_brand":[],"product_cat":[566,534],"product_tag":[409,282,286],"class_list":{"0":"post-4607","1":"product","2":"type-product","3":"status-publish","4":"has-post-thumbnail","6":"product_cat-vinos","7":"product_cat-vino-blanco","8":"product_tag-riberadelguadiana","9":"product_tag-vino","10":"product_tag-vinoblanco","11":"tm-no-options-pxq","13":"first","14":"instock","15":"shipping-taxable","16":"purchasable","17":"product-type-simple"},"_links":{"self":[{"href":"https:\/\/selectosibericos.com\/en\/wp-json\/wp\/v2\/product\/4607","targetHints":{"allow":["GET"]}}],"collection":[{"href":"https:\/\/selectosibericos.com\/en\/wp-json\/wp\/v2\/product"}],"about":[{"href":"https:\/\/selectosibericos.com\/en\/wp-json\/wp\/v2\/types\/product"}],"version-history":[{"count":1,"href":"https:\/\/selectosibericos.com\/en\/wp-json\/wp\/v2\/product\/4607\/revisions"}],"predecessor-version":[{"id":19924,"href":"https:\/\/selectosibericos.com\/en\/wp-json\/wp\/v2\/product\/4607\/revisions\/19924"}],"wp:featuredmedia":[{"embeddable":true,"href":"https:\/\/selectosibericos.com\/en\/wp-json\/wp\/v2\/media\/19921"}],"wp:attachment":[{"href":"https:\/\/selectosibericos.com\/en\/wp-json\/wp\/v2\/media?parent=4607"}],"wp:term":[{"taxonomy":"product_brand","embeddable":true,"href":"https:\/\/selectosibericos.com\/en\/wp-json\/wp\/v2\/product_brand?post=4607"},{"taxonomy":"product_cat","embeddable":true,"href":"https:\/\/selectosibericos.com\/en\/wp-json\/wp\/v2\/product_cat?post=4607"},{"taxonomy":"product_tag","embeddable":true,"href":"https:\/\/selectosibericos.com\/en\/wp-json\/wp\/v2\/product_tag?post=4607"}],"curies":[{"name":"wp","href":"https:\/\/api.w.org\/{rel}","templated":true}]}}