{"id":3728,"date":"2019-01-12T20:54:41","date_gmt":"2019-01-13T01:54:41","guid":{"rendered":"https:\/\/ibericosyperu.com\/?post_type=product&#038;p=3728"},"modified":"2025-04-19T13:34:50","modified_gmt":"2025-04-19T18:34:50","slug":"vino-priorato-de-razamonde-tinto","status":"publish","type":"product","link":"https:\/\/selectosibericos.com\/en\/product\/vino-priorato-de-razamonde-tinto\/","title":{"rendered":"Priorato de Razamonde Wine - Red"},"content":{"rendered":"<p><strong>Bodega:<\/strong>\u00a0Priorato de Razamonde<\/p>\n<p><strong>Variedad de Uva:<\/strong>\u00a0 Brancellao y Souson<\/p>\n<p><strong>Denominaci\u00f3n de Origen:<\/strong> Ribeiro<\/p>","protected":false},"excerpt":{"rendered":"<p>Elaborado en el hist\u00f3rico\u00a0<strong>Priorato de Razamonde<\/strong>, este vino es un tributo a las variedades aut\u00f3ctonas gallegas\u00a0<strong>Brancellao y Souson<\/strong>\u00a0de la\u00a0<strong>D.O. Ribeiro<\/strong>.<\/p>\n<p>Un tinto atl\u00e1ntico que combina la frescura mineral de los vi\u00f1edos en laderas del r\u00edo Mi\u00f1o con la profundidad de las uvas tradicionales gallegas.<\/p>","protected":false},"featured_media":20008,"template":"","meta":[],"product_brand":[],"product_cat":[134,533],"product_tag":[282,283],"class_list":{"0":"post-3728","1":"product","2":"type-product","3":"status-publish","4":"has-post-thumbnail","6":"product_cat-licor","7":"product_cat-vinos-tintos","8":"product_tag-vino","9":"product_tag-vino-tinto","10":"tm-no-options-pxq","12":"first","13":"instock","14":"shipping-taxable","15":"purchasable","16":"product-type-simple"},"_links":{"self":[{"href":"https:\/\/selectosibericos.com\/en\/wp-json\/wp\/v2\/product\/3728","targetHints":{"allow":["GET"]}}],"collection":[{"href":"https:\/\/selectosibericos.com\/en\/wp-json\/wp\/v2\/product"}],"about":[{"href":"https:\/\/selectosibericos.com\/en\/wp-json\/wp\/v2\/types\/product"}],"version-history":[{"count":2,"href":"https:\/\/selectosibericos.com\/en\/wp-json\/wp\/v2\/product\/3728\/revisions"}],"predecessor-version":[{"id":20009,"href":"https:\/\/selectosibericos.com\/en\/wp-json\/wp\/v2\/product\/3728\/revisions\/20009"}],"wp:featuredmedia":[{"embeddable":true,"href":"https:\/\/selectosibericos.com\/en\/wp-json\/wp\/v2\/media\/20008"}],"wp:attachment":[{"href":"https:\/\/selectosibericos.com\/en\/wp-json\/wp\/v2\/media?parent=3728"}],"wp:term":[{"taxonomy":"product_brand","embeddable":true,"href":"https:\/\/selectosibericos.com\/en\/wp-json\/wp\/v2\/product_brand?post=3728"},{"taxonomy":"product_cat","embeddable":true,"href":"https:\/\/selectosibericos.com\/en\/wp-json\/wp\/v2\/product_cat?post=3728"},{"taxonomy":"product_tag","embeddable":true,"href":"https:\/\/selectosibericos.com\/en\/wp-json\/wp\/v2\/product_tag?post=3728"}],"curies":[{"name":"wp","href":"https:\/\/api.w.org\/{rel}","templated":true}]}}