{"id":3717,"date":"2019-01-12T20:21:24","date_gmt":"2019-01-13T01:21:24","guid":{"rendered":"https:\/\/ibericosyperu.com\/?post_type=product&#038;p=3717"},"modified":"2024-10-04T13:04:12","modified_gmt":"2024-10-04T18:04:12","slug":"vino-arrel-tinto-crianza","status":"publish","type":"product","link":"https:\/\/selectosibericos.com\/en\/product\/vino-arrel-tinto-crianza\/","title":{"rendered":"Vino Arrels Tinto &#8211; Crianza"},"content":{"rendered":"<p>Bodega: Montau de Sadurn\u00ed<\/p>\n<p>Variedad de Uva: Garnacha, Merlot y Cabernet<\/p>\n<p>Denominaci\u00f3n de Origen: Pened\u00e9s<\/p>","protected":false},"excerpt":{"rendered":"<p>Bodega: Montau de Sadurn\u00ed Variedad de Uva: Garnacha, Merlot y Cabernet Denominaci\u00f3n de Origen: Pened\u00e9s<\/p>","protected":false},"featured_media":3949,"template":"","meta":[],"product_brand":[],"product_cat":[134,533],"product_tag":[],"class_list":{"0":"post-3717","1":"product","2":"type-product","3":"status-publish","4":"has-post-thumbnail","6":"product_cat-licor","7":"product_cat-vinos-tintos","8":"tm-no-options-pxq","10":"first","11":"outofstock","12":"shipping-taxable","13":"purchasable","14":"product-type-simple"},"_links":{"self":[{"href":"https:\/\/selectosibericos.com\/en\/wp-json\/wp\/v2\/product\/3717","targetHints":{"allow":["GET"]}}],"collection":[{"href":"https:\/\/selectosibericos.com\/en\/wp-json\/wp\/v2\/product"}],"about":[{"href":"https:\/\/selectosibericos.com\/en\/wp-json\/wp\/v2\/types\/product"}],"version-history":[{"count":1,"href":"https:\/\/selectosibericos.com\/en\/wp-json\/wp\/v2\/product\/3717\/revisions"}],"predecessor-version":[{"id":18571,"href":"https:\/\/selectosibericos.com\/en\/wp-json\/wp\/v2\/product\/3717\/revisions\/18571"}],"wp:featuredmedia":[{"embeddable":true,"href":"https:\/\/selectosibericos.com\/en\/wp-json\/wp\/v2\/media\/3949"}],"wp:attachment":[{"href":"https:\/\/selectosibericos.com\/en\/wp-json\/wp\/v2\/media?parent=3717"}],"wp:term":[{"taxonomy":"product_brand","embeddable":true,"href":"https:\/\/selectosibericos.com\/en\/wp-json\/wp\/v2\/product_brand?post=3717"},{"taxonomy":"product_cat","embeddable":true,"href":"https:\/\/selectosibericos.com\/en\/wp-json\/wp\/v2\/product_cat?post=3717"},{"taxonomy":"product_tag","embeddable":true,"href":"https:\/\/selectosibericos.com\/en\/wp-json\/wp\/v2\/product_tag?post=3717"}],"curies":[{"name":"wp","href":"https:\/\/api.w.org\/{rel}","templated":true}]}}