{"id":3487,"date":"2019-01-08T00:16:16","date_gmt":"2019-01-08T05:16:16","guid":{"rendered":"https:\/\/ibericosyperu.com\/?post_type=product&#038;p=3487"},"modified":"2025-11-14T21:07:37","modified_gmt":"2025-11-15T02:07:37","slug":"vino-valbusenda-vivo-100-tinta-de-toro","status":"publish","type":"product","link":"https:\/\/selectosibericos.com\/en\/product\/vino-valbusenda-vivo-100-tinta-de-toro\/","title":{"rendered":"Valbusenda Live Wine"},"content":{"rendered":"<p>Bodega: Valbusenda<\/p>\n<p>Variedad de Uva: 100% Tinta de Toro<\/p>\n<p>Denominaci\u00f3n de Origen: Toro<\/p>","protected":false},"excerpt":{"rendered":"<p>Elaborado por\u00a0<strong>Bodega Valbusenda<\/strong>\u00a0con uvas\u00a0<strong>100% Tinta de Toro<\/strong>\u00a0(la variedad reina de la\u00a0<strong>D.O. Toro<\/strong>), este vino captura el car\u00e1cter ind\u00f3mito de los vi\u00f1edos extreme\u00f1os.<\/p>\n<p>Joven y sin filtrar (&#8220;en vivo&#8221;), expresa toda la potencia frutal de esta uva de piel gruesa, con una frescura que desaf\u00eda los estereotipos de la zona.<\/p>","protected":false},"featured_media":20763,"template":"","meta":[],"product_brand":[],"product_cat":[901,134,533],"product_tag":[818,803,817,283],"class_list":{"0":"post-3487","1":"product","2":"type-product","3":"status-publish","4":"has-post-thumbnail","6":"product_cat-castilla-y-leon","7":"product_cat-licor","8":"product_cat-vinos-tintos","9":"product_tag-tino","10":"product_tag-tinta-de-toro","11":"product_tag-valbusenda","12":"product_tag-vino-tinto","13":"tm-no-options-pxq","15":"first","16":"instock","17":"shipping-taxable","18":"purchasable","19":"product-type-simple"},"_links":{"self":[{"href":"https:\/\/selectosibericos.com\/en\/wp-json\/wp\/v2\/product\/3487","targetHints":{"allow":["GET"]}}],"collection":[{"href":"https:\/\/selectosibericos.com\/en\/wp-json\/wp\/v2\/product"}],"about":[{"href":"https:\/\/selectosibericos.com\/en\/wp-json\/wp\/v2\/types\/product"}],"version-history":[{"count":2,"href":"https:\/\/selectosibericos.com\/en\/wp-json\/wp\/v2\/product\/3487\/revisions"}],"predecessor-version":[{"id":20033,"href":"https:\/\/selectosibericos.com\/en\/wp-json\/wp\/v2\/product\/3487\/revisions\/20033"}],"wp:featuredmedia":[{"embeddable":true,"href":"https:\/\/selectosibericos.com\/en\/wp-json\/wp\/v2\/media\/20763"}],"wp:attachment":[{"href":"https:\/\/selectosibericos.com\/en\/wp-json\/wp\/v2\/media?parent=3487"}],"wp:term":[{"taxonomy":"product_brand","embeddable":true,"href":"https:\/\/selectosibericos.com\/en\/wp-json\/wp\/v2\/product_brand?post=3487"},{"taxonomy":"product_cat","embeddable":true,"href":"https:\/\/selectosibericos.com\/en\/wp-json\/wp\/v2\/product_cat?post=3487"},{"taxonomy":"product_tag","embeddable":true,"href":"https:\/\/selectosibericos.com\/en\/wp-json\/wp\/v2\/product_tag?post=3487"}],"curies":[{"name":"wp","href":"https:\/\/api.w.org\/{rel}","templated":true}]}}