{"id":3316,"date":"2018-12-20T21:03:52","date_gmt":"2018-12-21T02:03:52","guid":{"rendered":"https:\/\/ibericosyperu.com\/?post_type=product&#038;p=3316"},"modified":"2025-10-11T15:10:51","modified_gmt":"2025-10-11T20:10:51","slug":"vino-albarroble-joven","status":"publish","type":"product","link":"https:\/\/selectosibericos.com\/en\/product\/vino-albarroble-joven\/","title":{"rendered":"Albarroble Young Wine"},"content":{"rendered":"<p>&nbsp;<\/p>\n<p>&nbsp;<\/p>","protected":false},"excerpt":{"rendered":"<p>Elaborado por\u00a0<strong>Santa Cruz de Alpera<\/strong>\u00a0en los soleados vi\u00f1edos de\u00a0<strong>D.O. Almansa<\/strong>, este monovarietal de\u00a0<strong>Garnacha Tintorera<\/strong> (una de las pocas uvas tintas con pulpa roja) captura todo el car\u00e1cter mediterr\u00e1neo en su estado m\u00e1s vibrante.<\/p>\n<p>Joven y sin crianza en madera, es un tributo a la fruta pura y la frescura.<\/p>","protected":false},"featured_media":20628,"template":"","meta":[],"product_brand":[],"product_cat":[566,533],"product_tag":[297,820,282,283],"class_list":{"0":"post-3316","1":"product","2":"type-product","3":"status-publish","4":"has-post-thumbnail","6":"product_cat-vinos","7":"product_cat-vinos-tintos","8":"product_tag-garnacha","9":"product_tag-garnacha-tintorera","10":"product_tag-vino","11":"product_tag-vino-tinto","12":"tm-no-options-pxq","14":"first","15":"instock","16":"shipping-taxable","17":"purchasable","18":"product-type-simple"},"_links":{"self":[{"href":"https:\/\/selectosibericos.com\/en\/wp-json\/wp\/v2\/product\/3316","targetHints":{"allow":["GET"]}}],"collection":[{"href":"https:\/\/selectosibericos.com\/en\/wp-json\/wp\/v2\/product"}],"about":[{"href":"https:\/\/selectosibericos.com\/en\/wp-json\/wp\/v2\/types\/product"}],"version-history":[{"count":4,"href":"https:\/\/selectosibericos.com\/en\/wp-json\/wp\/v2\/product\/3316\/revisions"}],"predecessor-version":[{"id":20051,"href":"https:\/\/selectosibericos.com\/en\/wp-json\/wp\/v2\/product\/3316\/revisions\/20051"}],"wp:featuredmedia":[{"embeddable":true,"href":"https:\/\/selectosibericos.com\/en\/wp-json\/wp\/v2\/media\/20628"}],"wp:attachment":[{"href":"https:\/\/selectosibericos.com\/en\/wp-json\/wp\/v2\/media?parent=3316"}],"wp:term":[{"taxonomy":"product_brand","embeddable":true,"href":"https:\/\/selectosibericos.com\/en\/wp-json\/wp\/v2\/product_brand?post=3316"},{"taxonomy":"product_cat","embeddable":true,"href":"https:\/\/selectosibericos.com\/en\/wp-json\/wp\/v2\/product_cat?post=3316"},{"taxonomy":"product_tag","embeddable":true,"href":"https:\/\/selectosibericos.com\/en\/wp-json\/wp\/v2\/product_tag?post=3316"}],"curies":[{"name":"wp","href":"https:\/\/api.w.org\/{rel}","templated":true}]}}