{"id":2353,"date":"2017-09-05T13:24:41","date_gmt":"2017-09-05T18:24:41","guid":{"rendered":"https:\/\/ibericosyperu.com\/tienda1\/producto\/bocata-jamon-gran-reserva-y-queso-mixto\/"},"modified":"2025-05-27T16:54:31","modified_gmt":"2025-05-27T21:54:31","slug":"bocata-jamon-gran-reserva-y-queso-mixto","status":"publish","type":"product","link":"https:\/\/selectosibericos.com\/en\/product\/bocata-jamon-gran-reserva-y-queso-mixto\/","title":{"rendered":"Bocata Mixto de Jam\u00f3n Serrano Gran Reserva y Queso Semicurado"},"content":{"rendered":"","protected":false},"excerpt":{"rendered":"<p>El jam\u00f3n serrano gran reserva, con su curaci\u00f3n superior combinado con el queso semicurado, ofrece un sabor intenso y refinado en este bocata <strong>mixto<\/strong>.<\/p>\n<p>Hecho con nuestro pan artesano de masa madre, aceite de oliva virgen extra y tomaca, este bocata es perfecto para los amantes del jam\u00f3n que buscan una experiencia de sabor \u00fanica.<\/p>","protected":false},"featured_media":8391,"template":"","meta":[],"product_brand":[],"product_cat":[490,636],"product_tag":[442,440,270,355,273],"class_list":{"0":"post-2353","1":"product","2":"type-product","3":"status-publish","4":"has-post-thumbnail","6":"product_cat-bocatas","7":"product_cat-mixtos","8":"product_tag-bocamixto","9":"product_tag-bocata","10":"product_tag-jamon","11":"product_tag-jamonserrano","12":"product_tag-queso","13":"tm-no-options-pxq","15":"first","16":"instock","17":"shipping-taxable","18":"purchasable","19":"product-type-simple"},"_links":{"self":[{"href":"https:\/\/selectosibericos.com\/en\/wp-json\/wp\/v2\/product\/2353","targetHints":{"allow":["GET"]}}],"collection":[{"href":"https:\/\/selectosibericos.com\/en\/wp-json\/wp\/v2\/product"}],"about":[{"href":"https:\/\/selectosibericos.com\/en\/wp-json\/wp\/v2\/types\/product"}],"version-history":[{"count":3,"href":"https:\/\/selectosibericos.com\/en\/wp-json\/wp\/v2\/product\/2353\/revisions"}],"predecessor-version":[{"id":17936,"href":"https:\/\/selectosibericos.com\/en\/wp-json\/wp\/v2\/product\/2353\/revisions\/17936"}],"wp:featuredmedia":[{"embeddable":true,"href":"https:\/\/selectosibericos.com\/en\/wp-json\/wp\/v2\/media\/8391"}],"wp:attachment":[{"href":"https:\/\/selectosibericos.com\/en\/wp-json\/wp\/v2\/media?parent=2353"}],"wp:term":[{"taxonomy":"product_brand","embeddable":true,"href":"https:\/\/selectosibericos.com\/en\/wp-json\/wp\/v2\/product_brand?post=2353"},{"taxonomy":"product_cat","embeddable":true,"href":"https:\/\/selectosibericos.com\/en\/wp-json\/wp\/v2\/product_cat?post=2353"},{"taxonomy":"product_tag","embeddable":true,"href":"https:\/\/selectosibericos.com\/en\/wp-json\/wp\/v2\/product_tag?post=2353"}],"curies":[{"name":"wp","href":"https:\/\/api.w.org\/{rel}","templated":true}]}}