{"id":2351,"date":"2017-09-05T13:24:41","date_gmt":"2017-09-05T18:24:41","guid":{"rendered":"https:\/\/ibericosyperu.com\/tienda1\/producto\/bocata-jamon-bellota-y-queso-mixto\/"},"modified":"2025-05-27T16:55:59","modified_gmt":"2025-05-27T21:55:59","slug":"bocata-jamon-bellota-y-queso-mixto","status":"publish","type":"product","link":"https:\/\/selectosibericos.com\/en\/product\/bocata-jamon-bellota-y-queso-mixto\/","title":{"rendered":"Bocata Mixto de Jam\u00f3n Ib\u00e9rico Bellota y Queso Semicurado"},"content":{"rendered":"","protected":false},"excerpt":{"rendered":"<p>Disfruta de un delicioso bocata <strong>mixto<\/strong> de jam\u00f3n ib\u00e9rico bellota y queso semicurado, considerado una joya gastron\u00f3mica, se caracteriza por su sabor profundo y su suavidad incomparable.<\/p>\n<p>Hecho con nuestro pan artesano de masa madre, con aceite de oliva virgen extra y tomaca, cada bocado es una experiencia inigualable.<\/p>","protected":false},"featured_media":8394,"template":"","meta":[],"product_brand":[],"product_cat":[490,636],"product_tag":[440,372,352,273],"class_list":{"0":"post-2351","1":"product","2":"type-product","3":"status-publish","4":"has-post-thumbnail","6":"product_cat-bocatas","7":"product_cat-mixtos","8":"product_tag-bocata","9":"product_tag-jamonbellota","10":"product_tag-jamoniberico","11":"product_tag-queso","12":"tm-no-options-pxq","14":"first","15":"instock","16":"shipping-taxable","17":"purchasable","18":"product-type-simple"},"_links":{"self":[{"href":"https:\/\/selectosibericos.com\/en\/wp-json\/wp\/v2\/product\/2351","targetHints":{"allow":["GET"]}}],"collection":[{"href":"https:\/\/selectosibericos.com\/en\/wp-json\/wp\/v2\/product"}],"about":[{"href":"https:\/\/selectosibericos.com\/en\/wp-json\/wp\/v2\/types\/product"}],"version-history":[{"count":4,"href":"https:\/\/selectosibericos.com\/en\/wp-json\/wp\/v2\/product\/2351\/revisions"}],"predecessor-version":[{"id":17937,"href":"https:\/\/selectosibericos.com\/en\/wp-json\/wp\/v2\/product\/2351\/revisions\/17937"}],"wp:featuredmedia":[{"embeddable":true,"href":"https:\/\/selectosibericos.com\/en\/wp-json\/wp\/v2\/media\/8394"}],"wp:attachment":[{"href":"https:\/\/selectosibericos.com\/en\/wp-json\/wp\/v2\/media?parent=2351"}],"wp:term":[{"taxonomy":"product_brand","embeddable":true,"href":"https:\/\/selectosibericos.com\/en\/wp-json\/wp\/v2\/product_brand?post=2351"},{"taxonomy":"product_cat","embeddable":true,"href":"https:\/\/selectosibericos.com\/en\/wp-json\/wp\/v2\/product_cat?post=2351"},{"taxonomy":"product_tag","embeddable":true,"href":"https:\/\/selectosibericos.com\/en\/wp-json\/wp\/v2\/product_tag?post=2351"}],"curies":[{"name":"wp","href":"https:\/\/api.w.org\/{rel}","templated":true}]}}