{"id":2349,"date":"2017-09-05T13:24:41","date_gmt":"2017-09-05T18:24:41","guid":{"rendered":"https:\/\/ibericosyperu.com\/tienda1\/producto\/bocata-iberico-cebo\/"},"modified":"2025-05-28T11:23:04","modified_gmt":"2025-05-28T16:23:04","slug":"bocata-iberico-cebo","status":"publish","type":"product","link":"https:\/\/selectosibericos.com\/en\/product\/bocata-iberico-cebo\/","title":{"rendered":"Bocata de Jam\u00f3n Ib\u00e9rico Marcial"},"content":{"rendered":"","protected":false},"excerpt":{"rendered":"<p>Saborea la excelencia con nuestro bocata de jam\u00f3n ib\u00e9rico, conocido por su rico sabor y textura suave.<\/p>\n<p>Hecho con nuestro pan artesano de masa madre, con un toque de aceite de oliva virgen extra y tomaca, este bocata es una celebraci\u00f3n de la tradici\u00f3n ib\u00e9rica.<\/p>","protected":false},"featured_media":8388,"template":"","meta":[],"product_brand":[],"product_cat":[490,639],"product_tag":[440,352],"class_list":{"0":"post-2349","1":"product","2":"type-product","3":"status-publish","4":"has-post-thumbnail","6":"product_cat-bocatas","7":"product_cat-jamon","8":"product_tag-bocata","9":"product_tag-jamoniberico","10":"tm-has-options","12":"first","13":"instock","14":"shipping-taxable","15":"purchasable","16":"product-type-simple"},"_links":{"self":[{"href":"https:\/\/selectosibericos.com\/en\/wp-json\/wp\/v2\/product\/2349","targetHints":{"allow":["GET"]}}],"collection":[{"href":"https:\/\/selectosibericos.com\/en\/wp-json\/wp\/v2\/product"}],"about":[{"href":"https:\/\/selectosibericos.com\/en\/wp-json\/wp\/v2\/types\/product"}],"version-history":[{"count":2,"href":"https:\/\/selectosibericos.com\/en\/wp-json\/wp\/v2\/product\/2349\/revisions"}],"predecessor-version":[{"id":17931,"href":"https:\/\/selectosibericos.com\/en\/wp-json\/wp\/v2\/product\/2349\/revisions\/17931"}],"wp:featuredmedia":[{"embeddable":true,"href":"https:\/\/selectosibericos.com\/en\/wp-json\/wp\/v2\/media\/8388"}],"wp:attachment":[{"href":"https:\/\/selectosibericos.com\/en\/wp-json\/wp\/v2\/media?parent=2349"}],"wp:term":[{"taxonomy":"product_brand","embeddable":true,"href":"https:\/\/selectosibericos.com\/en\/wp-json\/wp\/v2\/product_brand?post=2349"},{"taxonomy":"product_cat","embeddable":true,"href":"https:\/\/selectosibericos.com\/en\/wp-json\/wp\/v2\/product_cat?post=2349"},{"taxonomy":"product_tag","embeddable":true,"href":"https:\/\/selectosibericos.com\/en\/wp-json\/wp\/v2\/product_tag?post=2349"}],"curies":[{"name":"wp","href":"https:\/\/api.w.org\/{rel}","templated":true}]}}