{"id":2343,"date":"2017-09-05T13:24:41","date_gmt":"2017-09-05T18:24:41","guid":{"rendered":"https:\/\/ibericosyperu.com\/tienda1\/producto\/bocata-de-morcon\/"},"modified":"2025-05-31T15:00:28","modified_gmt":"2025-05-31T20:00:28","slug":"bocata-de-morcon","status":"publish","type":"product","link":"https:\/\/selectosibericos.com\/en\/product\/bocata-de-morcon\/","title":{"rendered":"Bocata de Morc\u00f3n Ib\u00e9rico"},"content":{"rendered":"","protected":false},"excerpt":{"rendered":"<p>Este bocata destaca el sabor robusto y aut\u00e9ntico del morc\u00f3n ib\u00e9rico, embutido tradicional de textura firme y sabor intenso.<\/p>\n<p>Servido en nuestro pan de masa madre artesanal y aderezado con aceite de oliva virgen extra, es una opci\u00f3n deliciosa que celebra la esencia de la charcuter\u00eda ib\u00e9rica.<\/p>","protected":false},"featured_media":18621,"template":"","meta":[],"product_brand":[],"product_cat":[490,641],"product_tag":[440,447,448],"class_list":{"0":"post-2343","1":"product","2":"type-product","3":"status-publish","4":"has-post-thumbnail","6":"product_cat-bocatas","7":"product_cat-de-embutidos","8":"product_tag-bocata","9":"product_tag-morcon","10":"product_tag-morconiberico","11":"tm-has-options","13":"first","14":"instock","15":"shipping-taxable","16":"purchasable","17":"product-type-simple"},"_links":{"self":[{"href":"https:\/\/selectosibericos.com\/en\/wp-json\/wp\/v2\/product\/2343","targetHints":{"allow":["GET"]}}],"collection":[{"href":"https:\/\/selectosibericos.com\/en\/wp-json\/wp\/v2\/product"}],"about":[{"href":"https:\/\/selectosibericos.com\/en\/wp-json\/wp\/v2\/types\/product"}],"version-history":[{"count":2,"href":"https:\/\/selectosibericos.com\/en\/wp-json\/wp\/v2\/product\/2343\/revisions"}],"predecessor-version":[{"id":17943,"href":"https:\/\/selectosibericos.com\/en\/wp-json\/wp\/v2\/product\/2343\/revisions\/17943"}],"wp:featuredmedia":[{"embeddable":true,"href":"https:\/\/selectosibericos.com\/en\/wp-json\/wp\/v2\/media\/18621"}],"wp:attachment":[{"href":"https:\/\/selectosibericos.com\/en\/wp-json\/wp\/v2\/media?parent=2343"}],"wp:term":[{"taxonomy":"product_brand","embeddable":true,"href":"https:\/\/selectosibericos.com\/en\/wp-json\/wp\/v2\/product_brand?post=2343"},{"taxonomy":"product_cat","embeddable":true,"href":"https:\/\/selectosibericos.com\/en\/wp-json\/wp\/v2\/product_cat?post=2343"},{"taxonomy":"product_tag","embeddable":true,"href":"https:\/\/selectosibericos.com\/en\/wp-json\/wp\/v2\/product_tag?post=2343"}],"curies":[{"name":"wp","href":"https:\/\/api.w.org\/{rel}","templated":true}]}}