{"id":2339,"date":"2017-09-05T13:10:40","date_gmt":"2017-09-05T18:10:40","guid":{"rendered":"https:\/\/ibericosyperu.com\/tienda1\/producto\/bocata-chorizo-pamplona\/"},"modified":"2025-09-15T11:15:56","modified_gmt":"2025-09-15T16:15:56","slug":"bocata-chorizo-pamplona","status":"publish","type":"product","link":"https:\/\/selectosibericos.com\/en\/product\/bocata-chorizo-pamplona\/","title":{"rendered":"Bocata de Chorizo Pamplona"},"content":{"rendered":"","protected":false},"excerpt":{"rendered":"<p>El chorizo Pamplona, con su sabor intenso, es la estrella de este bocata.<\/p>\n<p>Servido en nuestro pan artesano de masa madre y aderezado con aceite de oliva virgen extra, ofrece una combinaci\u00f3n llena de car\u00e1cter y tradici\u00f3n.<\/p>","protected":false},"featured_media":8396,"template":"","meta":[],"product_brand":[],"product_cat":[490,641],"product_tag":[440,265,451,450],"class_list":{"0":"post-2339","1":"product","2":"type-product","3":"status-publish","4":"has-post-thumbnail","6":"product_cat-bocatas","7":"product_cat-de-embutidos","8":"product_tag-bocata","9":"product_tag-chorizo","10":"product_tag-chorizopamplona","11":"product_tag-chorizoserrano","12":"tm-has-options","14":"first","15":"instock","16":"shipping-taxable","17":"purchasable","18":"product-type-simple"},"_links":{"self":[{"href":"https:\/\/selectosibericos.com\/en\/wp-json\/wp\/v2\/product\/2339","targetHints":{"allow":["GET"]}}],"collection":[{"href":"https:\/\/selectosibericos.com\/en\/wp-json\/wp\/v2\/product"}],"about":[{"href":"https:\/\/selectosibericos.com\/en\/wp-json\/wp\/v2\/types\/product"}],"version-history":[{"count":2,"href":"https:\/\/selectosibericos.com\/en\/wp-json\/wp\/v2\/product\/2339\/revisions"}],"predecessor-version":[{"id":17941,"href":"https:\/\/selectosibericos.com\/en\/wp-json\/wp\/v2\/product\/2339\/revisions\/17941"}],"wp:featuredmedia":[{"embeddable":true,"href":"https:\/\/selectosibericos.com\/en\/wp-json\/wp\/v2\/media\/8396"}],"wp:attachment":[{"href":"https:\/\/selectosibericos.com\/en\/wp-json\/wp\/v2\/media?parent=2339"}],"wp:term":[{"taxonomy":"product_brand","embeddable":true,"href":"https:\/\/selectosibericos.com\/en\/wp-json\/wp\/v2\/product_brand?post=2339"},{"taxonomy":"product_cat","embeddable":true,"href":"https:\/\/selectosibericos.com\/en\/wp-json\/wp\/v2\/product_cat?post=2339"},{"taxonomy":"product_tag","embeddable":true,"href":"https:\/\/selectosibericos.com\/en\/wp-json\/wp\/v2\/product_tag?post=2339"}],"curies":[{"name":"wp","href":"https:\/\/api.w.org\/{rel}","templated":true}]}}