{"id":2144,"date":"2016-01-20T13:02:29","date_gmt":"2016-01-20T18:02:29","guid":{"rendered":"https:\/\/ibericosyperu.com\/tienda1\/producto\/piqueo-n-3\/"},"modified":"2025-05-31T12:15:34","modified_gmt":"2025-05-31T17:15:34","slug":"piqueo-n-3","status":"publish","type":"product","link":"https:\/\/selectosibericos.com\/en\/product\/piqueo-n-3\/","title":{"rendered":"Piqueo N\u00b0 3"},"content":{"rendered":"","protected":false},"excerpt":{"rendered":"<p>\u00a1Eleva tus momentos especiales con nuestro\u00a0<strong>Piqueo 3<\/strong>, una selecci\u00f3n premium que combina los mejores sabores ib\u00e9ricos con un vino que los realza! Incluye:<\/p>\n<ul>\n<li><strong>100g de Jam\u00f3n Ib\u00e9rico<\/strong>.<\/li>\n<li><strong>100g de Queso de Oveja Semicurado<\/strong>.<\/li>\n<li><strong>100g de Queso de Cabra.<\/strong><\/li>\n<li><strong>100g de Chorizo Ib\u00e9rico<\/strong>.<\/li>\n<li><strong>100g de Salchich\u00f3n Ib\u00e9rico<\/strong>.<\/li>\n<li><strong>1 Botella de Vino Joven (foto de vino referencial).<\/strong><\/li>\n<\/ul>\n<p>Ideal para una\u00a0<strong>noche de tapas sofisticada<\/strong>, una reuni\u00f3n entre amigos o simplemente para darte un capricho gourmet. Si gustas acomp\u00e1\u00f1alo con tostadas, y por supuesto buena compa\u00f1\u00eda.<\/p>\n<p><strong>\u00a1Saborea el lujo de lo sencillo!<\/strong><\/p>\n<p>FOTOS REFERENCIALES<\/p>","protected":false},"featured_media":6650,"template":"","meta":[],"product_brand":[],"product_cat":[130],"product_tag":[668,540,184,788,685],"class_list":{"0":"post-2144","1":"product","2":"type-product","3":"status-publish","4":"has-post-thumbnail","6":"product_cat-piqueos","7":"product_tag-chorizo-iberico","8":"product_tag-jamon-iberico","9":"product_tag-piqueo","10":"product_tag-piqueos","11":"product_tag-queso-manchego","12":"tm-no-options-pxq","14":"first","15":"instock","16":"shipping-taxable","17":"purchasable","18":"product-type-simple"},"_links":{"self":[{"href":"https:\/\/selectosibericos.com\/en\/wp-json\/wp\/v2\/product\/2144","targetHints":{"allow":["GET"]}}],"collection":[{"href":"https:\/\/selectosibericos.com\/en\/wp-json\/wp\/v2\/product"}],"about":[{"href":"https:\/\/selectosibericos.com\/en\/wp-json\/wp\/v2\/types\/product"}],"version-history":[{"count":3,"href":"https:\/\/selectosibericos.com\/en\/wp-json\/wp\/v2\/product\/2144\/revisions"}],"predecessor-version":[{"id":20439,"href":"https:\/\/selectosibericos.com\/en\/wp-json\/wp\/v2\/product\/2144\/revisions\/20439"}],"wp:featuredmedia":[{"embeddable":true,"href":"https:\/\/selectosibericos.com\/en\/wp-json\/wp\/v2\/media\/6650"}],"wp:attachment":[{"href":"https:\/\/selectosibericos.com\/en\/wp-json\/wp\/v2\/media?parent=2144"}],"wp:term":[{"taxonomy":"product_brand","embeddable":true,"href":"https:\/\/selectosibericos.com\/en\/wp-json\/wp\/v2\/product_brand?post=2144"},{"taxonomy":"product_cat","embeddable":true,"href":"https:\/\/selectosibericos.com\/en\/wp-json\/wp\/v2\/product_cat?post=2144"},{"taxonomy":"product_tag","embeddable":true,"href":"https:\/\/selectosibericos.com\/en\/wp-json\/wp\/v2\/product_tag?post=2144"}],"curies":[{"name":"wp","href":"https:\/\/api.w.org\/{rel}","templated":true}]}}