{"id":21283,"date":"2026-05-04T18:37:35","date_gmt":"2026-05-04T23:37:35","guid":{"rendered":"https:\/\/selectosibericos.com\/?post_type=product&#038;p=21283"},"modified":"2026-05-04T18:37:35","modified_gmt":"2026-05-04T23:37:35","slug":"piqueo-n-3-edicion-regalo-especial","status":"publish","type":"product","link":"https:\/\/selectosibericos.com\/en\/product\/piqueo-n-3-edicion-regalo-especial\/","title":{"rendered":"Piqueo N\u00b0 3 \u2013 Edici\u00f3n Regalo Especial"},"content":{"rendered":"<p>Fotos referenciales.<\/p>","protected":false},"excerpt":{"rendered":"<p data-start=\"0\" data-end=\"71\"><strong data-start=\"3\" data-end=\"66\">Sorprende a mam\u00e1 con un detalle que se siente y se recuerda<\/strong> \ud83d\udc96<\/p>\n<p data-start=\"73\" data-end=\"215\">En este D\u00eda de la Madre, reg\u00e1lale algo m\u00e1s que un obsequio\u2026 reg\u00e1lale un momento especial con nuestro <strong data-start=\"174\" data-end=\"212\">Piqueo 3 \u2013 Edici\u00f3n Regalo Especial<\/strong>.<\/p>\n<p data-start=\"217\" data-end=\"411\">Una experiencia pensada para celebrar su amor, su dedicaci\u00f3n y cada instante compartido, donde cada producto ha sido cuidadosamente seleccionado para crear un momento lleno de sabor y emoci\u00f3n:<\/p>\n<ul data-start=\"413\" data-end=\"603\">\n<li data-section-id=\"4troz0\" data-start=\"413\" data-end=\"452\">100 g de jam\u00f3n serrano gran reserva.<\/li>\n<li data-section-id=\"4troz0\" data-start=\"413\" data-end=\"452\">100g de embutido chorizo vela.<\/li>\n<li data-section-id=\"4jr9p7\" data-start=\"453\" data-end=\"497\">100 g de queso de tres leches semicurado<\/li>\n<li data-section-id=\"1hs0j1s\" data-start=\"498\" data-end=\"525\">100 g de queso de cabra.<\/li>\n<li data-section-id=\"wavwo3\" data-start=\"526\" data-end=\"552\">Raci\u00f3n de pan artesano.<\/li>\n<li data-section-id=\"wtjdvl\" data-start=\"553\" data-end=\"603\">1 botella de vino joven <em data-start=\"579\" data-end=\"601\">(imagen referencial).<\/em><\/li>\n<\/ul>\n<p data-start=\"605\" data-end=\"805\">Presentado en una elegante caja lista para regalar, ideal para sorprenderla como se merece. Incluye una <strong data-start=\"712\" data-end=\"738\">tarjeta personalizable<\/strong>, para que puedas dedicarle unas palabras que nazcan del coraz\u00f3n.<\/p>\n<p data-start=\"807\" data-end=\"918\">\u2728 Porque mam\u00e1 no merece cualquier regalo\u2026 merece un detalle que la haga sentir especial, querida y celebrada.<\/p>","protected":false},"featured_media":21284,"template":"","meta":[],"product_brand":[],"product_cat":[130,491],"product_tag":[],"class_list":{"0":"post-21283","1":"product","2":"type-product","3":"status-publish","4":"has-post-thumbnail","6":"product_cat-piqueos","7":"product_cat-regalos","8":"tm-no-options-pxq","10":"first","11":"instock","12":"shipping-taxable","13":"purchasable","14":"product-type-simple"},"_links":{"self":[{"href":"https:\/\/selectosibericos.com\/en\/wp-json\/wp\/v2\/product\/21283","targetHints":{"allow":["GET"]}}],"collection":[{"href":"https:\/\/selectosibericos.com\/en\/wp-json\/wp\/v2\/product"}],"about":[{"href":"https:\/\/selectosibericos.com\/en\/wp-json\/wp\/v2\/types\/product"}],"version-history":[{"count":4,"href":"https:\/\/selectosibericos.com\/en\/wp-json\/wp\/v2\/product\/21283\/revisions"}],"predecessor-version":[{"id":21289,"href":"https:\/\/selectosibericos.com\/en\/wp-json\/wp\/v2\/product\/21283\/revisions\/21289"}],"wp:featuredmedia":[{"embeddable":true,"href":"https:\/\/selectosibericos.com\/en\/wp-json\/wp\/v2\/media\/21284"}],"wp:attachment":[{"href":"https:\/\/selectosibericos.com\/en\/wp-json\/wp\/v2\/media?parent=21283"}],"wp:term":[{"taxonomy":"product_brand","embeddable":true,"href":"https:\/\/selectosibericos.com\/en\/wp-json\/wp\/v2\/product_brand?post=21283"},{"taxonomy":"product_cat","embeddable":true,"href":"https:\/\/selectosibericos.com\/en\/wp-json\/wp\/v2\/product_cat?post=21283"},{"taxonomy":"product_tag","embeddable":true,"href":"https:\/\/selectosibericos.com\/en\/wp-json\/wp\/v2\/product_tag?post=21283"}],"curies":[{"name":"wp","href":"https:\/\/api.w.org\/{rel}","templated":true}]}}