{"id":21170,"date":"2026-03-12T14:48:16","date_gmt":"2026-03-12T19:48:16","guid":{"rendered":"https:\/\/selectosibericos.com\/?post_type=product&#038;p=21170"},"modified":"2026-03-19T17:11:41","modified_gmt":"2026-03-19T22:11:41","slug":"combo-ibericos-para-2","status":"publish","type":"product","link":"https:\/\/selectosibericos.com\/en\/product\/combo-ibericos-para-2\/","title":{"rendered":"Combo Ib\u00e9ricos para 2"},"content":{"rendered":"","protected":false},"excerpt":{"rendered":"<p>Disfruta del aut\u00e9ntico sabor de Espa\u00f1a con nuestro <b data-path-to-node=\"2\" data-index-in-node=\"146\">Combo Ib\u00e9ricos para 2<\/b>. Elaborados con los mejores embutidos originarios de la prestigiosa regi\u00f3n de <b data-path-to-node=\"4\" data-index-in-node=\"404\">Castilla y Le\u00f3n.<\/b><\/p>\n<p>Este paquete especial est\u00e1 pensado para compartir e incluye<br \/>\n<b data-path-to-node=\"2\" data-index-in-node=\"240\">&#8211; 1 tradicional bocata de chorizo ib\u00e9rico<br \/>\n<\/b>&#8211; 1 un cl\u00e1sico <b data-path-to-node=\"2\" data-index-in-node=\"278\">bocata de salchich\u00f3n ib\u00e9rico<br \/>\n<\/b>&#8211; 2 bebidas personales.<\/p>\n<p>\u00a1Puedes intercambiar los embutidos si deseas que sean del mismo!<\/p>\n<p>Elaborados con la mejor selecci\u00f3n de embutidos, nuestros bocatas te ofrecen una experiencia gourmet inigualable en Lima. \u00a1Aprovecha esta promoci\u00f3n y haz tu pedido online!<\/p>","protected":false},"featured_media":21171,"template":"","meta":[],"product_brand":[],"product_cat":[901,691],"product_tag":[668,911],"class_list":{"0":"post-21170","1":"product","2":"type-product","3":"status-publish","4":"has-post-thumbnail","6":"product_cat-castilla-y-leon","7":"product_cat-promos","8":"product_tag-chorizo-iberico","9":"product_tag-salchichon-iberico-castilla-y-leon","10":"tm-no-options-pxq","12":"first","13":"instock","14":"sale","15":"shipping-taxable","16":"purchasable","17":"product-type-simple"},"_links":{"self":[{"href":"https:\/\/selectosibericos.com\/en\/wp-json\/wp\/v2\/product\/21170","targetHints":{"allow":["GET"]}}],"collection":[{"href":"https:\/\/selectosibericos.com\/en\/wp-json\/wp\/v2\/product"}],"about":[{"href":"https:\/\/selectosibericos.com\/en\/wp-json\/wp\/v2\/types\/product"}],"version-history":[{"count":5,"href":"https:\/\/selectosibericos.com\/en\/wp-json\/wp\/v2\/product\/21170\/revisions"}],"predecessor-version":[{"id":21188,"href":"https:\/\/selectosibericos.com\/en\/wp-json\/wp\/v2\/product\/21170\/revisions\/21188"}],"wp:featuredmedia":[{"embeddable":true,"href":"https:\/\/selectosibericos.com\/en\/wp-json\/wp\/v2\/media\/21171"}],"wp:attachment":[{"href":"https:\/\/selectosibericos.com\/en\/wp-json\/wp\/v2\/media?parent=21170"}],"wp:term":[{"taxonomy":"product_brand","embeddable":true,"href":"https:\/\/selectosibericos.com\/en\/wp-json\/wp\/v2\/product_brand?post=21170"},{"taxonomy":"product_cat","embeddable":true,"href":"https:\/\/selectosibericos.com\/en\/wp-json\/wp\/v2\/product_cat?post=21170"},{"taxonomy":"product_tag","embeddable":true,"href":"https:\/\/selectosibericos.com\/en\/wp-json\/wp\/v2\/product_tag?post=21170"}],"curies":[{"name":"wp","href":"https:\/\/api.w.org\/{rel}","templated":true}]}}