{"id":20756,"date":"2025-11-14T19:16:26","date_gmt":"2025-11-15T00:16:26","guid":{"rendered":"https:\/\/selectosibericos.com\/?post_type=product&#038;p=20756"},"modified":"2025-11-14T19:16:26","modified_gmt":"2025-11-15T00:16:26","slug":"vino-vega-valerio-joven-tinto","status":"publish","type":"product","link":"https:\/\/selectosibericos.com\/en\/product\/vino-vega-valerio-joven-tinto\/","title":{"rendered":"Vino Vega Valerio Joven Tinto"},"content":{"rendered":"","protected":false},"excerpt":{"rendered":"<p data-start=\"213\" data-end=\"266\"><strong data-start=\"213\" data-end=\"266\">Autenticidad y car\u00e1cter joven de Ribera del Duero<\/strong><\/p>\n<p data-start=\"268\" data-end=\"508\">Elaborado con uvas <strong data-start=\"287\" data-end=\"307\">100% Tempranillo<\/strong> procedentes de vi\u00f1edos de 15 a 20 a\u00f1os, este tinto joven refleja la esencia pura de la variedad y el legado vitivin\u00edcola de <strong data-start=\"432\" data-end=\"452\">Tierra de Aranda<\/strong>, bodega fundada en 1962 por agricultores de la comarca.<\/p>\n<p data-start=\"510\" data-end=\"640\">De color rojo cereza brillante, despliega aromas intensos a fruta roja fresca, notas de mora, frambuesa y un sutil matiz floral.<\/p>\n<p data-start=\"642\" data-end=\"894\">En boca es expresivo y jugoso, con taninos suaves y una estructura ligera que invita a seguir bebiendo. Su frescura y equilibrio lo convierten en un vino ideal para disfrutar a diario, acompa\u00f1ando momentos informales o comidas sencillas con gran sabor.<\/p>","protected":false},"featured_media":20754,"template":"","meta":[],"product_brand":[],"product_cat":[901,566,533],"product_tag":[804,411,283],"class_list":{"0":"post-20756","1":"product","2":"type-product","3":"status-publish","4":"has-post-thumbnail","6":"product_cat-castilla-y-leon","7":"product_cat-vinos","8":"product_cat-vinos-tintos","9":"product_tag-ribera-del-duero","10":"product_tag-tempranillo","11":"product_tag-vino-tinto","12":"tm-no-options-pxq","14":"first","15":"instock","16":"shipping-taxable","17":"purchasable","18":"product-type-simple"},"_links":{"self":[{"href":"https:\/\/selectosibericos.com\/en\/wp-json\/wp\/v2\/product\/20756","targetHints":{"allow":["GET"]}}],"collection":[{"href":"https:\/\/selectosibericos.com\/en\/wp-json\/wp\/v2\/product"}],"about":[{"href":"https:\/\/selectosibericos.com\/en\/wp-json\/wp\/v2\/types\/product"}],"version-history":[{"count":1,"href":"https:\/\/selectosibericos.com\/en\/wp-json\/wp\/v2\/product\/20756\/revisions"}],"predecessor-version":[{"id":20757,"href":"https:\/\/selectosibericos.com\/en\/wp-json\/wp\/v2\/product\/20756\/revisions\/20757"}],"wp:featuredmedia":[{"embeddable":true,"href":"https:\/\/selectosibericos.com\/en\/wp-json\/wp\/v2\/media\/20754"}],"wp:attachment":[{"href":"https:\/\/selectosibericos.com\/en\/wp-json\/wp\/v2\/media?parent=20756"}],"wp:term":[{"taxonomy":"product_brand","embeddable":true,"href":"https:\/\/selectosibericos.com\/en\/wp-json\/wp\/v2\/product_brand?post=20756"},{"taxonomy":"product_cat","embeddable":true,"href":"https:\/\/selectosibericos.com\/en\/wp-json\/wp\/v2\/product_cat?post=20756"},{"taxonomy":"product_tag","embeddable":true,"href":"https:\/\/selectosibericos.com\/en\/wp-json\/wp\/v2\/product_tag?post=20756"}],"curies":[{"name":"wp","href":"https:\/\/api.w.org\/{rel}","templated":true}]}}