{"id":20323,"date":"2025-05-08T15:06:28","date_gmt":"2025-05-08T20:06:28","guid":{"rendered":"https:\/\/selectosibericos.com\/?post_type=product&#038;p=20323"},"modified":"2025-05-08T15:14:23","modified_gmt":"2025-05-08T20:14:23","slug":"paellera-de-acero-inoxidable-70cm","status":"publish","type":"product","link":"https:\/\/selectosibericos.com\/en\/product\/paellera-de-acero-inoxidable-70cm\/","title":{"rendered":"Paellera de Acero Inoxidable 70cm"},"content":{"rendered":"","protected":false},"excerpt":{"rendered":"<p class=\"ds-markdown-paragraph\"><em>La herramienta definitiva para cocina profesional y grandes eventos<\/em><\/p>\n<p class=\"ds-markdown-paragraph\">Dise\u00f1ada para\u00a0<strong>30 raciones abundantes<\/strong>, esta paellera industrial de\u00a0<strong>70cm<\/strong>\u00a0en acero inoxidable ofrece:<\/p>\n<p class=\"ds-markdown-paragraph\">\u2714\u00a0<strong>M\u00e1xima durabilidad<\/strong>\u00a0&#8211; Acero quir\u00fargico 18\/10 resistente a impactos<br \/>\n\u2714\u00a0<strong>Base extra gruesa<\/strong>\u00a0&#8211; Distribuci\u00f3n t\u00e9rmica perfecta para cocci\u00f3n uniforme<br \/>\n\u2714\u00a0<strong>Asas reforzadas<\/strong>\u00a0&#8211; Para manipulaci\u00f3n segura con grandes vol\u00famenes<br \/>\n\u2714\u00a0<strong>Cero mantenimiento<\/strong>\u00a0&#8211; No requiere curado, f\u00e1cil limpieza<\/p>","protected":false},"featured_media":20318,"template":"","meta":[],"product_brand":[],"product_cat":[501,492],"product_tag":[862,866],"class_list":{"0":"post-20323","1":"product","2":"type-product","3":"status-publish","4":"has-post-thumbnail","6":"product_cat-varios","7":"product_cat-paelleras-sartenes-quemadores","8":"product_tag-paellera","9":"product_tag-paellera-acero-inoxidable","10":"tm-no-options-pxq","12":"first","13":"instock","14":"shipping-taxable","15":"purchasable","16":"product-type-simple"},"_links":{"self":[{"href":"https:\/\/selectosibericos.com\/en\/wp-json\/wp\/v2\/product\/20323","targetHints":{"allow":["GET"]}}],"collection":[{"href":"https:\/\/selectosibericos.com\/en\/wp-json\/wp\/v2\/product"}],"about":[{"href":"https:\/\/selectosibericos.com\/en\/wp-json\/wp\/v2\/types\/product"}],"version-history":[{"count":2,"href":"https:\/\/selectosibericos.com\/en\/wp-json\/wp\/v2\/product\/20323\/revisions"}],"predecessor-version":[{"id":20327,"href":"https:\/\/selectosibericos.com\/en\/wp-json\/wp\/v2\/product\/20323\/revisions\/20327"}],"wp:featuredmedia":[{"embeddable":true,"href":"https:\/\/selectosibericos.com\/en\/wp-json\/wp\/v2\/media\/20318"}],"wp:attachment":[{"href":"https:\/\/selectosibericos.com\/en\/wp-json\/wp\/v2\/media?parent=20323"}],"wp:term":[{"taxonomy":"product_brand","embeddable":true,"href":"https:\/\/selectosibericos.com\/en\/wp-json\/wp\/v2\/product_brand?post=20323"},{"taxonomy":"product_cat","embeddable":true,"href":"https:\/\/selectosibericos.com\/en\/wp-json\/wp\/v2\/product_cat?post=20323"},{"taxonomy":"product_tag","embeddable":true,"href":"https:\/\/selectosibericos.com\/en\/wp-json\/wp\/v2\/product_tag?post=20323"}],"curies":[{"name":"wp","href":"https:\/\/api.w.org\/{rel}","templated":true}]}}