{"id":19590,"date":"2025-02-14T11:24:23","date_gmt":"2025-02-14T16:24:23","guid":{"rendered":"https:\/\/selectosibericos.com\/?post_type=product&#038;p=19590"},"modified":"2026-01-15T13:31:19","modified_gmt":"2026-01-15T18:31:19","slug":"tabla-de-jamon-serrano-reserva","status":"publish","type":"product","link":"https:\/\/selectosibericos.com\/en\/product\/tabla-de-jamon-serrano-reserva\/","title":{"rendered":"Tabla de Jam\u00f3n Serrano Reserva"},"content":{"rendered":"","protected":false},"excerpt":{"rendered":"<p><strong>Saborea la calidad del Jam\u00f3n Serrano Reserva El Chato.<br \/>\nIdeal para esa persona especial en tu vida\u2764\ufe0f.<\/strong><\/p>\n<p>Con un proceso de curaci\u00f3n m\u00e1s prolongado, este jam\u00f3n serrano desarrolla un sabor m\u00e1s profundo y una textura jugosa que encantar\u00e1 a los paladares m\u00e1s exigentes.<\/p>\n<p>Perfecto para tapas, bocadillos o para disfrutarlo solo, este jam\u00f3n es una elecci\u00f3n excepcional para cualquier ocasi\u00f3n.<\/p>\n<p>100 gr de Jam\u00f3n Serrano Reserva. \u00a1Elige la presentaci\u00f3n que desees!<\/p>","protected":false},"featured_media":19588,"template":"","meta":[],"product_cat":[491],"product_tag":[779,576,176],"class_list":{"0":"post-19590","1":"product","2":"type-product","3":"status-publish","4":"has-post-thumbnail","6":"product_cat-regalos","7":"product_tag-jamon-reserva","8":"product_tag-jamon-serrano","9":"product_tag-reserva","10":"tm-has-options","12":"first","13":"instock","14":"shipping-taxable","15":"purchasable","16":"product-type-simple"},"_links":{"self":[{"href":"https:\/\/selectosibericos.com\/en\/wp-json\/wp\/v2\/product\/19590"}],"collection":[{"href":"https:\/\/selectosibericos.com\/en\/wp-json\/wp\/v2\/product"}],"about":[{"href":"https:\/\/selectosibericos.com\/en\/wp-json\/wp\/v2\/types\/product"}],"version-history":[{"count":1,"href":"https:\/\/selectosibericos.com\/en\/wp-json\/wp\/v2\/product\/19590\/revisions"}],"predecessor-version":[{"id":19592,"href":"https:\/\/selectosibericos.com\/en\/wp-json\/wp\/v2\/product\/19590\/revisions\/19592"}],"wp:featuredmedia":[{"embeddable":true,"href":"https:\/\/selectosibericos.com\/en\/wp-json\/wp\/v2\/media\/19588"}],"wp:attachment":[{"href":"https:\/\/selectosibericos.com\/en\/wp-json\/wp\/v2\/media?parent=19590"}],"wp:term":[{"taxonomy":"product_cat","embeddable":true,"href":"https:\/\/selectosibericos.com\/en\/wp-json\/wp\/v2\/product_cat?post=19590"},{"taxonomy":"product_tag","embeddable":true,"href":"https:\/\/selectosibericos.com\/en\/wp-json\/wp\/v2\/product_tag?post=19590"}],"curies":[{"name":"wp","href":"https:\/\/api.w.org\/{rel}","templated":true}]}}