{"id":19476,"date":"2025-01-10T17:46:17","date_gmt":"2025-01-10T22:46:17","guid":{"rendered":"https:\/\/selectosibericos.com\/?post_type=product&#038;p=19476"},"modified":"2026-01-05T18:42:14","modified_gmt":"2026-01-05T23:42:14","slug":"pata-jamon-iberico-de-bellota-juan-pedro-domecq","status":"publish","type":"product","link":"https:\/\/selectosibericos.com\/en\/product\/pata-jamon-iberico-de-bellota-juan-pedro-domecq\/","title":{"rendered":"Pata Jam\u00f3n Ib\u00e9rico de Bellota Juan Pedro Domecq"},"content":{"rendered":"<p><strong>Origen:<\/strong> Jabugo, Espa\u00f1a<br \/>\n<strong>Curaci\u00f3n:<\/strong> 42 meses<br \/>\n<strong>Categor\u00eda:<\/strong> Brida Negra \u2013 100% Raza Ib\u00e9rica<br \/>\n<strong>Proceso:<\/strong> Curaci\u00f3n natural y artesanal<\/p>","protected":false},"excerpt":{"rendered":"<p>El <strong>Jam\u00f3n de Bellota 100% Ib\u00e9rico Juan Pedro Domecq<\/strong> es una joya gastron\u00f3mica de origen <strong>Jabugo<\/strong>, cuna de los mejores ib\u00e9ricos del mundo.<\/p>\n<p>La excelencia hecha jam\u00f3n. El <strong>Jam\u00f3n de Bellota 100% Ib\u00e9rico Pata Negra<\/strong>, criado en libertad en las dehesas de Jabugo y alimentado exclusivamente con bellotas, ofrece:<\/p>\n<p>\u2714\u00a0<strong>42 meses<\/strong>\u00a0de curaci\u00f3n natural<br \/>\n\u2714\u00a0<strong>Sabor intenso<\/strong>\u00a0con notas de frutos secos<br \/>\n\u2714\u00a0<strong>Textura jugosa<\/strong>\u00a0y grasa infiltrada perfecta<\/p>\n<p><strong>\u27a1\ufe0f Disfruta del aut\u00e9ntico lujo ib\u00e9rico<\/strong><\/p>","protected":false},"featured_media":19478,"template":"","meta":[],"product_brand":[],"product_cat":[532,555],"product_tag":[762,541,540,544,761,792],"class_list":{"0":"post-19476","1":"product","2":"type-product","3":"status-publish","4":"has-post-thumbnail","6":"product_cat-con-pata","7":"product_cat-jamones","8":"product_tag-jabugo","9":"product_tag-jamon-bellota","10":"product_tag-jamon-iberico","11":"product_tag-jamon-iberico-de-bellota","12":"product_tag-pata-de-bellota","13":"product_tag-pata-negra","14":"tm-no-options-pxq","16":"first","17":"instock","18":"shipping-taxable","19":"purchasable","20":"product-type-simple"},"_links":{"self":[{"href":"https:\/\/selectosibericos.com\/en\/wp-json\/wp\/v2\/product\/19476","targetHints":{"allow":["GET"]}}],"collection":[{"href":"https:\/\/selectosibericos.com\/en\/wp-json\/wp\/v2\/product"}],"about":[{"href":"https:\/\/selectosibericos.com\/en\/wp-json\/wp\/v2\/types\/product"}],"version-history":[{"count":5,"href":"https:\/\/selectosibericos.com\/en\/wp-json\/wp\/v2\/product\/19476\/revisions"}],"predecessor-version":[{"id":20950,"href":"https:\/\/selectosibericos.com\/en\/wp-json\/wp\/v2\/product\/19476\/revisions\/20950"}],"wp:featuredmedia":[{"embeddable":true,"href":"https:\/\/selectosibericos.com\/en\/wp-json\/wp\/v2\/media\/19478"}],"wp:attachment":[{"href":"https:\/\/selectosibericos.com\/en\/wp-json\/wp\/v2\/media?parent=19476"}],"wp:term":[{"taxonomy":"product_brand","embeddable":true,"href":"https:\/\/selectosibericos.com\/en\/wp-json\/wp\/v2\/product_brand?post=19476"},{"taxonomy":"product_cat","embeddable":true,"href":"https:\/\/selectosibericos.com\/en\/wp-json\/wp\/v2\/product_cat?post=19476"},{"taxonomy":"product_tag","embeddable":true,"href":"https:\/\/selectosibericos.com\/en\/wp-json\/wp\/v2\/product_tag?post=19476"}],"curies":[{"name":"wp","href":"https:\/\/api.w.org\/{rel}","templated":true}]}}