{"id":19356,"date":"2024-12-26T12:54:00","date_gmt":"2024-12-26T17:54:00","guid":{"rendered":"https:\/\/selectosibericos.com\/?post_type=product&#038;p=19356"},"modified":"2025-11-14T17:51:48","modified_gmt":"2025-11-14T22:51:48","slug":"vino-viejo-mundo-verdejo","status":"publish","type":"product","link":"https:\/\/selectosibericos.com\/en\/product\/vino-viejo-mundo-verdejo\/","title":{"rendered":"Vino Viejo Mundo Verdejo"},"content":{"rendered":"<h3>Caracter\u00edsticas:<\/h3>\n<ul>\n<li><strong>Tipo:<\/strong> Vino blanco<\/li>\n<li><strong>Bodega:<\/strong> Bodegas Veganzones<\/li>\n<li><strong>Variedad de uva:<\/strong> 100% Verdejo<\/li>\n<li><strong>Denominaci\u00f3n de Origen:<\/strong> D.O. Rueda<\/li>\n<li><strong>Graduaci\u00f3n alcoh\u00f3lica:<\/strong> 13%<\/li>\n<li><strong>Temperatura de servicio:<\/strong> 8\u00ba \u2013 10\u00ba<\/li>\n<\/ul>\n<h3>Maridaje:<\/h3>\n<p>Ideal para acompa\u00f1ar pescados blancos como lubina, dorada o merluza.<\/p>","protected":false},"excerpt":{"rendered":"<p>El <strong>Viejo Mundo Verdejo<\/strong> destaca por su intensidad arom\u00e1tica, con notas de frutas de hueso como melocot\u00f3n y albaricoque, c\u00edtricos como lima y piel de naranja, y un toque tropical de pi\u00f1a y pl\u00e1tano. Adem\u00e1s, se perciben sutiles aromas herbales de heno, hinojo y ecos bals\u00e1micos.<\/p>\n<p><strong>Un Verdejo fresco y elegante, perfecto para disfrutar en cualquier ocasi\u00f3n.<\/strong><\/p>","protected":false},"featured_media":20751,"template":"","meta":[],"product_brand":[],"product_cat":[901,566,534],"product_tag":[300,287],"class_list":{"0":"post-19356","1":"product","2":"type-product","3":"status-publish","4":"has-post-thumbnail","6":"product_cat-castilla-y-leon","7":"product_cat-vinos","8":"product_cat-vino-blanco","9":"product_tag-verdejo","10":"product_tag-vino-blanco","11":"tm-no-options-pxq","13":"first","14":"instock","15":"shipping-taxable","16":"purchasable","17":"product-type-simple"},"_links":{"self":[{"href":"https:\/\/selectosibericos.com\/en\/wp-json\/wp\/v2\/product\/19356","targetHints":{"allow":["GET"]}}],"collection":[{"href":"https:\/\/selectosibericos.com\/en\/wp-json\/wp\/v2\/product"}],"about":[{"href":"https:\/\/selectosibericos.com\/en\/wp-json\/wp\/v2\/types\/product"}],"version-history":[{"count":1,"href":"https:\/\/selectosibericos.com\/en\/wp-json\/wp\/v2\/product\/19356\/revisions"}],"predecessor-version":[{"id":19358,"href":"https:\/\/selectosibericos.com\/en\/wp-json\/wp\/v2\/product\/19356\/revisions\/19358"}],"wp:featuredmedia":[{"embeddable":true,"href":"https:\/\/selectosibericos.com\/en\/wp-json\/wp\/v2\/media\/20751"}],"wp:attachment":[{"href":"https:\/\/selectosibericos.com\/en\/wp-json\/wp\/v2\/media?parent=19356"}],"wp:term":[{"taxonomy":"product_brand","embeddable":true,"href":"https:\/\/selectosibericos.com\/en\/wp-json\/wp\/v2\/product_brand?post=19356"},{"taxonomy":"product_cat","embeddable":true,"href":"https:\/\/selectosibericos.com\/en\/wp-json\/wp\/v2\/product_cat?post=19356"},{"taxonomy":"product_tag","embeddable":true,"href":"https:\/\/selectosibericos.com\/en\/wp-json\/wp\/v2\/product_tag?post=19356"}],"curies":[{"name":"wp","href":"https:\/\/api.w.org\/{rel}","templated":true}]}}