{"id":19354,"date":"2024-12-26T12:49:32","date_gmt":"2024-12-26T17:49:32","guid":{"rendered":"https:\/\/selectosibericos.com\/?post_type=product&#038;p=19354"},"modified":"2024-12-26T12:49:32","modified_gmt":"2024-12-26T17:49:32","slug":"vino-rey-eneo-reserva-limitada","status":"publish","type":"product","link":"https:\/\/selectosibericos.com\/en\/product\/vino-rey-eneo-reserva-limitada\/","title":{"rendered":"Vino Rey Eneo Reserva Limitada"},"content":{"rendered":"<h3>Caracter\u00edsticas:<\/h3>\n<ul>\n<li><strong>Variedad de uva:<\/strong> 100% Tempranillo<\/li>\n<li><strong>Crianza:<\/strong> 24 meses en barricas de roble americano y 7 a\u00f1os de reposo en botella.<\/li>\n<li><strong>Regi\u00f3n:<\/strong> Rioja Alta, Espa\u00f1a<\/li>\n<\/ul>\n<h3>Notas de cata:<\/h3>\n<p>De color rojo rub\u00ed con destellos teja y l\u00e1grimas densas. En nariz, combina frutas rojas maduras, especias y delicados toques ahumados, junto con notas de vainilla. En boca es equilibrado, con cuerpo, sedoso y un final largo y agradable.<\/p>","protected":false},"excerpt":{"rendered":"<p>Descubre la elegancia y exclusividad del <strong>Rey Eneo Reserva Limitada<\/strong>, un vino \u00fanico elaborado con las mejores uvas <strong>Tempranillo<\/strong> y <strong>Garnacha<\/strong> seleccionadas de vi\u00f1as de m\u00e1s de 40 a\u00f1os en el coraz\u00f3n de la Rioja Alta, cerca de N\u00e1jera.<\/p>\n<p><strong>Un vino que refleja la tradici\u00f3n y excelencia de la Rioja. Ideal para ocasiones especiales. \u00a1Edici\u00f3n limitada, no lo dejes escapar!<\/strong><\/p>","protected":false},"featured_media":19351,"template":"","meta":[],"product_brand":[],"product_cat":[566,533],"product_tag":[],"class_list":{"0":"post-19354","1":"product","2":"type-product","3":"status-publish","4":"has-post-thumbnail","6":"product_cat-vinos","7":"product_cat-vinos-tintos","8":"tm-no-options-pxq","10":"first","11":"instock","12":"shipping-taxable","13":"purchasable","14":"product-type-simple"},"_links":{"self":[{"href":"https:\/\/selectosibericos.com\/en\/wp-json\/wp\/v2\/product\/19354","targetHints":{"allow":["GET"]}}],"collection":[{"href":"https:\/\/selectosibericos.com\/en\/wp-json\/wp\/v2\/product"}],"about":[{"href":"https:\/\/selectosibericos.com\/en\/wp-json\/wp\/v2\/types\/product"}],"version-history":[{"count":1,"href":"https:\/\/selectosibericos.com\/en\/wp-json\/wp\/v2\/product\/19354\/revisions"}],"predecessor-version":[{"id":19355,"href":"https:\/\/selectosibericos.com\/en\/wp-json\/wp\/v2\/product\/19354\/revisions\/19355"}],"wp:featuredmedia":[{"embeddable":true,"href":"https:\/\/selectosibericos.com\/en\/wp-json\/wp\/v2\/media\/19351"}],"wp:attachment":[{"href":"https:\/\/selectosibericos.com\/en\/wp-json\/wp\/v2\/media?parent=19354"}],"wp:term":[{"taxonomy":"product_brand","embeddable":true,"href":"https:\/\/selectosibericos.com\/en\/wp-json\/wp\/v2\/product_brand?post=19354"},{"taxonomy":"product_cat","embeddable":true,"href":"https:\/\/selectosibericos.com\/en\/wp-json\/wp\/v2\/product_cat?post=19354"},{"taxonomy":"product_tag","embeddable":true,"href":"https:\/\/selectosibericos.com\/en\/wp-json\/wp\/v2\/product_tag?post=19354"}],"curies":[{"name":"wp","href":"https:\/\/api.w.org\/{rel}","templated":true}]}}