{"id":19321,"date":"2024-12-21T15:39:09","date_gmt":"2024-12-21T20:39:09","guid":{"rendered":"https:\/\/selectosibericos.com\/?post_type=product&#038;p=19321"},"modified":"2026-01-15T18:24:21","modified_gmt":"2026-01-15T23:24:21","slug":"promo-2-tortillas-enteras-de-chorizo","status":"publish","type":"product","link":"https:\/\/selectosibericos.com\/en\/product\/promo-2-tortillas-enteras-de-chorizo\/","title":{"rendered":"Promo 2 Tortillas Enteras de Chorizo  (pedidos para el mismo d\u00eda antes de las 2:00pm)"},"content":{"rendered":"","protected":false},"excerpt":{"rendered":"<p><strong>RESERVA TU TORTILLA PARA EL MISMO D\u00cdA ANTES DE LAS 2:00PM.<\/strong><br \/>\nFUERA DE ESTE HORARIO EL PEDIDO SER\u00cdA PARA EL PR\u00d3XIMO DIA H\u00c1BIL \u203c\ufe0f<\/p>\n<p>Nuestra Tortilla de chorizo, de aproximadamente 20 cm de di\u00e1metro, es un cl\u00e1sico de la cocina espa\u00f1ola. Con una textura esponjosa y un sabor suave, esta tortilla <span style=\"font-size: 12pt;\"><strong>rinde perfectamente para 4 porciones<\/strong><\/span>, ideal para compartir en una comida familiar o entre amigos. <strong>Con la promo tendr\u00e1s en total 8 porciones.<\/strong><\/p>\n<p>Su sencillez la hace vers\u00e1til, perfecta para disfrutar sola o acompa\u00f1ada de pan artesanal.<\/p>\n<p>&nbsp;<\/p>","protected":false},"featured_media":19296,"template":"","meta":[],"product_brand":[],"product_cat":[130,796],"product_tag":[],"class_list":{"0":"post-19321","1":"product","2":"type-product","3":"status-publish","4":"has-post-thumbnail","6":"product_cat-piqueos","7":"product_cat-tortillas","8":"tm-no-options-pxq","10":"first","11":"instock","12":"shipping-taxable","13":"purchasable","14":"product-type-simple"},"_links":{"self":[{"href":"https:\/\/selectosibericos.com\/en\/wp-json\/wp\/v2\/product\/19321","targetHints":{"allow":["GET"]}}],"collection":[{"href":"https:\/\/selectosibericos.com\/en\/wp-json\/wp\/v2\/product"}],"about":[{"href":"https:\/\/selectosibericos.com\/en\/wp-json\/wp\/v2\/types\/product"}],"version-history":[{"count":2,"href":"https:\/\/selectosibericos.com\/en\/wp-json\/wp\/v2\/product\/19321\/revisions"}],"predecessor-version":[{"id":20993,"href":"https:\/\/selectosibericos.com\/en\/wp-json\/wp\/v2\/product\/19321\/revisions\/20993"}],"wp:featuredmedia":[{"embeddable":true,"href":"https:\/\/selectosibericos.com\/en\/wp-json\/wp\/v2\/media\/19296"}],"wp:attachment":[{"href":"https:\/\/selectosibericos.com\/en\/wp-json\/wp\/v2\/media?parent=19321"}],"wp:term":[{"taxonomy":"product_brand","embeddable":true,"href":"https:\/\/selectosibericos.com\/en\/wp-json\/wp\/v2\/product_brand?post=19321"},{"taxonomy":"product_cat","embeddable":true,"href":"https:\/\/selectosibericos.com\/en\/wp-json\/wp\/v2\/product_cat?post=19321"},{"taxonomy":"product_tag","embeddable":true,"href":"https:\/\/selectosibericos.com\/en\/wp-json\/wp\/v2\/product_tag?post=19321"}],"curies":[{"name":"wp","href":"https:\/\/api.w.org\/{rel}","templated":true}]}}