{"id":19216,"date":"2024-12-09T18:57:14","date_gmt":"2024-12-09T23:57:14","guid":{"rendered":"https:\/\/selectosibericos.com\/?post_type=product&#038;p=19216"},"modified":"2025-10-11T12:46:57","modified_gmt":"2025-10-11T17:46:57","slug":"caja-de-regalo-sabor-y-tradicion","status":"publish","type":"product","link":"https:\/\/selectosibericos.com\/en\/product\/caja-de-regalo-sabor-y-tradicion\/","title":{"rendered":"Caja de Regalo: Sabor y Tradici\u00f3n"},"content":{"rendered":"","protected":false},"excerpt":{"rendered":"<p>Un regalo que re\u00fane lo mejor de la tradici\u00f3n para disfrutar en cada momento especial. Esta caja incluye:<\/p>\n<ul>\n<li><strong>Surtido de 3 tipos de embutidos<\/strong>, con los aut\u00e9nticos sabores ib\u00e9ricos.<\/li>\n<li><strong>Toasts<\/strong>, el complemento perfecto para tus combinaciones favoritas.<\/li>\n<li><strong>Turr\u00f3n duro Suprema<\/strong>, un cl\u00e1sico lleno de tradici\u00f3n.<\/li>\n<li><strong>Vino Picnic<\/strong>, a elegir entre 2 variedades, para brindar y celebrar.<\/li>\n<li>Y una <strong>tarjeta dedicatoria<\/strong> para personalizar tu mensaje.<\/li>\n<\/ul>\n<p><strong>FOTO REFERENCIAL.<br \/>\nAlgunos productos pueden cambiar el sabor seg\u00fan disponibilidad de stock.<br \/>\n<\/strong><\/p>","protected":false},"featured_media":20703,"template":"","meta":[],"product_brand":[],"product_cat":[491],"product_tag":[551,751,550],"class_list":{"0":"post-19216","1":"product","2":"type-product","3":"status-publish","4":"has-post-thumbnail","6":"product_cat-regalos","7":"product_tag-caja-de-regalo","8":"product_tag-picnic","9":"product_tag-regalo","10":"tm-has-options","12":"first","13":"instock","14":"shipping-taxable","15":"purchasable","16":"product-type-simple"},"_links":{"self":[{"href":"https:\/\/selectosibericos.com\/en\/wp-json\/wp\/v2\/product\/19216","targetHints":{"allow":["GET"]}}],"collection":[{"href":"https:\/\/selectosibericos.com\/en\/wp-json\/wp\/v2\/product"}],"about":[{"href":"https:\/\/selectosibericos.com\/en\/wp-json\/wp\/v2\/types\/product"}],"version-history":[{"count":6,"href":"https:\/\/selectosibericos.com\/en\/wp-json\/wp\/v2\/product\/19216\/revisions"}],"predecessor-version":[{"id":20706,"href":"https:\/\/selectosibericos.com\/en\/wp-json\/wp\/v2\/product\/19216\/revisions\/20706"}],"wp:featuredmedia":[{"embeddable":true,"href":"https:\/\/selectosibericos.com\/en\/wp-json\/wp\/v2\/media\/20703"}],"wp:attachment":[{"href":"https:\/\/selectosibericos.com\/en\/wp-json\/wp\/v2\/media?parent=19216"}],"wp:term":[{"taxonomy":"product_brand","embeddable":true,"href":"https:\/\/selectosibericos.com\/en\/wp-json\/wp\/v2\/product_brand?post=19216"},{"taxonomy":"product_cat","embeddable":true,"href":"https:\/\/selectosibericos.com\/en\/wp-json\/wp\/v2\/product_cat?post=19216"},{"taxonomy":"product_tag","embeddable":true,"href":"https:\/\/selectosibericos.com\/en\/wp-json\/wp\/v2\/product_tag?post=19216"}],"curies":[{"name":"wp","href":"https:\/\/api.w.org\/{rel}","templated":true}]}}